{"id":6232,"date":"2020-04-03T10:33:57","date_gmt":"2020-04-03T08:33:57","guid":{"rendered":"https:\/\/www.bcu-lausanne.ch\/pret-et-consultation\/"},"modified":"2026-03-12T10:05:27","modified_gmt":"2026-03-12T09:05:27","slug":"borrowing-and-reading","status":"publish","type":"page","link":"https:\/\/www.bcu-lausanne.ch\/en\/borrowing-and-reading\/","title":{"rendered":"Borrowing and reading"},"content":{"rendered":"","protected":false},"excerpt":{"rendered":"","protected":false},"author":44,"featured_media":0,"parent":0,"menu_order":0,"comment_status":"closed","ping_status":"closed","template":"template-loan.php","meta":{"_acf_changed":false,"_oasis_is_in_workflow":0,"_oasis_original":0,"_oasis_task_priority":"","footnotes":""},"coauthors":[632,643,1300],"class_list":["post-6232","page","type-page","status-publish","hentry"],"acf":[],"yoast_head":"<!-- This site is optimized with the Yoast SEO plugin v27.0 - https:\/\/yoast.com\/product\/yoast-seo-wordpress\/ -->\n<title>Borrowing and reading - BCUL<\/title>\n<meta name=\"robots\" content=\"index, follow, max-snippet:-1, max-image-preview:large, max-video-preview:-1\" \/>\n<link rel=\"canonical\" href=\"https:\/\/www.bcu-lausanne.ch\/en\/borrowing-and-reading\/\" \/>\n<meta property=\"og:locale\" content=\"en_US\" \/>\n<meta property=\"og:type\" content=\"article\" \/>\n<meta property=\"og:title\" content=\"Borrowing and reading - BCUL\" \/>\n<meta property=\"og:url\" content=\"https:\/\/www.bcu-lausanne.ch\/en\/borrowing-and-reading\/\" \/>\n<meta property=\"og:site_name\" content=\"BCUL\" \/>\n<meta property=\"article:publisher\" content=\"https:\/\/www.facebook.com\/BCULausanne\" \/>\n<meta property=\"article:modified_time\" content=\"2026-03-12T09:05:27+00:00\" \/>\n<meta name=\"twitter:card\" content=\"summary_large_image\" \/>\n<meta name=\"twitter:site\" content=\"@BCULausanne\" \/>\n<meta name=\"twitter:label1\" content=\"Written by\" \/>\n\t<meta name=\"twitter:data1\" content=\"BCU Lausanne, Marie-H\u00e9l\u00e8ne Gadina, B\u00e9atrice Moser\" \/>\n<script type=\"application\/ld+json\" class=\"yoast-schema-graph\">{\"@context\":\"https:\/\/schema.org\",\"@graph\":[{\"@type\":\"WebPage\",\"@id\":\"https:\/\/www.bcu-lausanne.ch\/en\/borrowing-and-reading\/\",\"url\":\"https:\/\/www.bcu-lausanne.ch\/en\/borrowing-and-reading\/\",\"name\":\"Borrowing and reading - BCUL\",\"isPartOf\":{\"@id\":\"https:\/\/www.bcu-lausanne.ch\/#website\"},\"datePublished\":\"2020-04-03T08:33:57+00:00\",\"dateModified\":\"2026-03-12T09:05:27+00:00\",\"breadcrumb\":{\"@id\":\"https:\/\/www.bcu-lausanne.ch\/en\/borrowing-and-reading\/#breadcrumb\"},\"inLanguage\":\"en-US\",\"potentialAction\":[{\"@type\":\"ReadAction\",\"target\":[\"https:\/\/www.bcu-lausanne.ch\/en\/borrowing-and-reading\/\"]}]},{\"@type\":\"BreadcrumbList\",\"@id\":\"https:\/\/www.bcu-lausanne.ch\/en\/borrowing-and-reading\/#breadcrumb\",\"itemListElement\":[{\"@type\":\"ListItem\",\"position\":1,\"name\":\"Accueil\",\"item\":\"https:\/\/www.bcu-lausanne.ch\/en\/\"},{\"@type\":\"ListItem\",\"position\":2,\"name\":\"Borrowing and reading\"}]},{\"@type\":\"WebSite\",\"@id\":\"https:\/\/www.bcu-lausanne.ch\/#website\",\"url\":\"https:\/\/www.bcu-lausanne.ch\/\",\"name\":\"BCUL\",\"description\":\"Biblioth\u00e8que cantonale et universitaire - Lausanne\",\"publisher\":{\"@id\":\"https:\/\/www.bcu-lausanne.ch\/#organization\"},\"potentialAction\":[{\"@type\":\"SearchAction\",\"target\":{\"@type\":\"EntryPoint\",\"urlTemplate\":\"https:\/\/www.bcu-lausanne.ch\/?s={search_term_string}\"},\"query-input\":{\"@type\":\"PropertyValueSpecification\",\"valueRequired\":true,\"valueName\":\"search_term_string\"}}],\"inLanguage\":\"en-US\"},{\"@type\":\"Organization\",\"@id\":\"https:\/\/www.bcu-lausanne.ch\/#organization\",\"name\":\"BCU Lausanne\",\"url\":\"https:\/\/www.bcu-lausanne.ch\/\",\"logo\":{\"@type\":\"ImageObject\",\"inLanguage\":\"en-US\",\"@id\":\"https:\/\/www.bcu-lausanne.ch\/#\/schema\/logo\/image\/\",\"url\":\"https:\/\/www.bcu-lausanne.ch\/wp-content\/uploads\/2020\/05\/bcul-logo-rvb.png\",\"contentUrl\":\"https:\/\/www.bcu-lausanne.ch\/wp-content\/uploads\/2020\/05\/bcul-logo-rvb.png\",\"width\":1535,\"height\":1181,\"caption\":\"BCU Lausanne\"},\"image\":{\"@id\":\"https:\/\/www.bcu-lausanne.ch\/#\/schema\/logo\/image\/\"},\"sameAs\":[\"https:\/\/www.facebook.com\/BCULausanne\",\"https:\/\/x.com\/BCULausanne\",\"https:\/\/www.instagram.com\/bculausanne\/\",\"https:\/\/www.linkedin.com\/company\/bcu-lausanne\/\",\"https:\/\/www.youtube.com\/channel\/UCdk4ItiYuWBJBz6yZnOPaEw\"]}]}<\/script>\n<!-- \/ Yoast SEO plugin. -->","yoast_head_json":{"title":"Borrowing and reading - BCUL","robots":{"index":"index","follow":"follow","max-snippet":"max-snippet:-1","max-image-preview":"max-image-preview:large","max-video-preview":"max-video-preview:-1"},"canonical":"https:\/\/www.bcu-lausanne.ch\/en\/borrowing-and-reading\/","og_locale":"en_US","og_type":"article","og_title":"Borrowing and reading - BCUL","og_url":"https:\/\/www.bcu-lausanne.ch\/en\/borrowing-and-reading\/","og_site_name":"BCUL","article_publisher":"https:\/\/www.facebook.com\/BCULausanne","article_modified_time":"2026-03-12T09:05:27+00:00","twitter_card":"summary_large_image","twitter_site":"@BCULausanne","twitter_misc":{"Written by":"BCU Lausanne, Marie-H\u00e9l\u00e8ne Gadina, B\u00e9atrice Moser"},"schema":{"@context":"https:\/\/schema.org","@graph":[{"@type":"WebPage","@id":"https:\/\/www.bcu-lausanne.ch\/en\/borrowing-and-reading\/","url":"https:\/\/www.bcu-lausanne.ch\/en\/borrowing-and-reading\/","name":"Borrowing and reading - BCUL","isPartOf":{"@id":"https:\/\/www.bcu-lausanne.ch\/#website"},"datePublished":"2020-04-03T08:33:57+00:00","dateModified":"2026-03-12T09:05:27+00:00","breadcrumb":{"@id":"https:\/\/www.bcu-lausanne.ch\/en\/borrowing-and-reading\/#breadcrumb"},"inLanguage":"en-US","potentialAction":[{"@type":"ReadAction","target":["https:\/\/www.bcu-lausanne.ch\/en\/borrowing-and-reading\/"]}]},{"@type":"BreadcrumbList","@id":"https:\/\/www.bcu-lausanne.ch\/en\/borrowing-and-reading\/#breadcrumb","itemListElement":[{"@type":"ListItem","position":1,"name":"Accueil","item":"https:\/\/www.bcu-lausanne.ch\/en\/"},{"@type":"ListItem","position":2,"name":"Borrowing and reading"}]},{"@type":"WebSite","@id":"https:\/\/www.bcu-lausanne.ch\/#website","url":"https:\/\/www.bcu-lausanne.ch\/","name":"BCUL","description":"Biblioth\u00e8que cantonale et universitaire - Lausanne","publisher":{"@id":"https:\/\/www.bcu-lausanne.ch\/#organization"},"potentialAction":[{"@type":"SearchAction","target":{"@type":"EntryPoint","urlTemplate":"https:\/\/www.bcu-lausanne.ch\/?s={search_term_string}"},"query-input":{"@type":"PropertyValueSpecification","valueRequired":true,"valueName":"search_term_string"}}],"inLanguage":"en-US"},{"@type":"Organization","@id":"https:\/\/www.bcu-lausanne.ch\/#organization","name":"BCU Lausanne","url":"https:\/\/www.bcu-lausanne.ch\/","logo":{"@type":"ImageObject","inLanguage":"en-US","@id":"https:\/\/www.bcu-lausanne.ch\/#\/schema\/logo\/image\/","url":"https:\/\/www.bcu-lausanne.ch\/wp-content\/uploads\/2020\/05\/bcul-logo-rvb.png","contentUrl":"https:\/\/www.bcu-lausanne.ch\/wp-content\/uploads\/2020\/05\/bcul-logo-rvb.png","width":1535,"height":1181,"caption":"BCU Lausanne"},"image":{"@id":"https:\/\/www.bcu-lausanne.ch\/#\/schema\/logo\/image\/"},"sameAs":["https:\/\/www.facebook.com\/BCULausanne","https:\/\/x.com\/BCULausanne","https:\/\/www.instagram.com\/bculausanne\/","https:\/\/www.linkedin.com\/company\/bcu-lausanne\/","https:\/\/www.youtube.com\/channel\/UCdk4ItiYuWBJBz6yZnOPaEw"]}]}},"_links":{"self":[{"href":"https:\/\/www.bcu-lausanne.ch\/en\/wp-json\/wp\/v2\/pages\/6232","targetHints":{"allow":["GET"]}}],"collection":[{"href":"https:\/\/www.bcu-lausanne.ch\/en\/wp-json\/wp\/v2\/pages"}],"about":[{"href":"https:\/\/www.bcu-lausanne.ch\/en\/wp-json\/wp\/v2\/types\/page"}],"author":[{"embeddable":true,"href":"https:\/\/www.bcu-lausanne.ch\/en\/wp-json\/wp\/v2\/users\/44"}],"replies":[{"embeddable":true,"href":"https:\/\/www.bcu-lausanne.ch\/en\/wp-json\/wp\/v2\/comments?post=6232"}],"version-history":[{"count":10,"href":"https:\/\/www.bcu-lausanne.ch\/en\/wp-json\/wp\/v2\/pages\/6232\/revisions"}],"predecessor-version":[{"id":43159,"href":"https:\/\/www.bcu-lausanne.ch\/en\/wp-json\/wp\/v2\/pages\/6232\/revisions\/43159"}],"wp:attachment":[{"href":"https:\/\/www.bcu-lausanne.ch\/en\/wp-json\/wp\/v2\/media?parent=6232"}],"wp:term":[{"taxonomy":"author","embeddable":true,"href":"https:\/\/www.bcu-lausanne.ch\/en\/wp-json\/wp\/v2\/coauthors?post=6232"}],"curies":[{"name":"wp","href":"https:\/\/api.w.org\/{rel}","templated":true}]}}