{"id":40214,"date":"2025-06-19T11:13:18","date_gmt":"2025-06-19T09:13:18","guid":{"rendered":"https:\/\/www.bcu-lausanne.ch\/various-cinema-links\/"},"modified":"2025-06-19T11:13:20","modified_gmt":"2025-06-19T09:13:20","slug":"various-cinema-links","status":"publish","type":"page","link":"https:\/\/www.bcu-lausanne.ch\/en\/various-cinema-links\/","title":{"rendered":"Various cinema links"},"content":{"rendered":"\n<p><strong>Dictionaries,\nencyclopedias<\/strong><\/p>\n\n<ul class=\"wp-block-list\"><li><strong>Schirmer Encyclopedia of film<\/strong> \/ Barry Keith Grant (ed.), 2007<br\/> <a href=\"https:\/\/archive.org\/stream\/Encyclopedia_Of_Film_Schirmer_Vol_1_Academy_Awards_to_Crime_Films#page\/n0\/mode\/2up\" target=\"_blank\" rel=\"noreferrer noopener\">Vol. 1 Academy Awards &#8211; Crime Films<\/a><br\/> <a href=\"https:\/\/archive.org\/stream\/Encyclopedia_Of_Film_Schirmer_Vol_2_Criticism_To_Ideology#page\/n0\/mode\/2up\" target=\"_blank\" rel=\"noreferrer noopener\">Vol. 2 Criticism &#8211; Ideology<\/a><br\/> <a href=\"https:\/\/archive.org\/stream\/Encyclopedia_Of_Film_Schirmer_Vol_3_Independent_Film_Road_Movies#page\/n0\/mode\/2up\" target=\"_blank\" rel=\"noreferrer noopener\">Vol. 3 Independent Film &#8211; Road Movies<\/a><br\/> <a href=\"https:\/\/archive.org\/stream\/Encyclopedia_Of_Film_Schirmer_Vol_4_Romantic_Comedy_Yugosa#page\/n0\/mode\/2up\" target=\"_blank\" rel=\"noreferrer noopener\">Vol. 4 Romantic Comedy &#8211; Yugoslavia<\/a><\/li><li><a href=\"http:\/\/www.hervedumont.ch\/page.php?id=fr2\" target=\"_blank\" rel=\"noreferrer noopener\">Cinema &amp; History \/ History &amp; Cinema<\/a><strong> &#8211; <\/strong>\u201cEncyclopedia of historical films\u201d featuring 15,000 historical films and TV movies with commentary<\/li><li><a href=\"https:\/\/www.fiafnet.org\/pages\/E-Resources\/Glossary.html#\" target=\"_blank\" rel=\"noreferrer noopener\">Glossary of filmographic terms<\/a> (in 12 languages) &#8211; A publication of the International Federation of Film Archives (FIAF)<\/li><li><a href=\"http:\/\/www.ohei2.de\/ofd\/moviedict_f.html\" target=\"_blank\" rel=\"noreferrer noopener\">Online Cinema Dictionary<\/a> (French, English, German, Italian, Spanish, etc.)<\/li><li><a href=\"https:\/\/gallica.bnf.fr\/ark:\/12148\/bpt6k1200501s\/f1.item.texteImage\" target=\"_blank\" rel=\"noreferrer noopener\">Larousse cinema dictionary<\/a> (2001)<\/li><li><a href=\"https:\/\/www.proquest.com\/fiaf\/docview\/1745476046\/703FAF2BCD3745A7PQ\/1?accountid=12006\" target=\"_blank\" rel=\"noreferrer noopener\">The Oxford History of World Cinema<\/a><strong> <\/strong>(1996) &#8211; under license<\/li><\/ul>\n\n<p><\/p>\n\n<p><strong>News<\/strong><\/p>\n\n<ul class=\"wp-block-list\"><li><a href=\"https:\/\/www.cineman.ch\/fr\/\" target=\"_blank\" rel=\"noreferrer noopener\">Cin\u00e9.ch<\/a><\/li><li><a href=\"https:\/\/www.cinefil.com\/\" target=\"_blank\" rel=\"noreferrer noopener\">Cinefil<\/a><\/li><li><a href=\"http:\/\/www.allocine.fr\/\" target=\"_blank\" rel=\"noreferrer noopener\">Allocin\u00e9<\/a><\/li><li><a href=\"http:\/\/www.hollywood.com\/\" target=\"_blank\" rel=\"noreferrer noopener\">Hollywood  <\/a><\/li><\/ul>\n\n<p><\/p>\n\n<p><strong>Films online<\/strong><\/p>\n\n<p><strong><a href=\"https:\/\/www.artfilm.ch\/bcu-login\" target=\"_blank\" rel=\"noreferrer noopener\">Artfilm.ch<\/a><\/strong><br\/>Swiss VOD platform reserved for BCUL users. Discover Swiss feature films, documentaries and shorts on streaming! Simply log in with your Renouvaud reader&#8217;s card number and password.  <\/p>\n\n<p><a href=\"https:\/\/unil.kanopy.com\/\" target=\"_blank\" rel=\"noreferrer noopener\"><strong>Kanopy<\/strong><\/a><br\/>American VOD platform. Thousands of fiction and documentary films available for streaming. This product is under site license and requires activation of Pulse Secure (VPN).  <\/p>\n\n<p>Click on BROWSE to select your areas of interest, for example \u201cFilm Studies\u201d.<br\/>You are responsible for triggering purchases; after 4 viewings of more than 30 seconds, the library automatically acquires the title for a period of one to 3 years. It is possible to create clips in playlists that can be consulted from the platform (no downloads). You need to create an account to save them.  <\/p>\n\n<p><\/p>\n\n<ul class=\"wp-block-list\"><li><a aria-label=\" (s&#x2019;ouvre dans un nouvel onglet)\" href=\"http:\/\/www.europeanfilmgateway.eu\/\" target=\"_blank\" rel=\"noreferrer noopener\">European Film Gateway<\/a> &#8211; Hundreds of thousands of videos (features and shorts), posters, photos and specialized documents from 40 European film libraries and archives.<\/li><li><a aria-label=\" (s&#x2019;ouvre dans un nouvel onglet)\" href=\"http:\/\/www.euscreen.eu\/\" target=\"_blank\" rel=\"noreferrer noopener\">EUSCREEN<\/a> &#8211; Portal dedicated to Europe&#8217;s television heritage. Videos, photographs and texts from 18 European audiovisual archives <\/li><li><a href=\"https:\/\/www.ina.fr\/\" target=\"_blank\" rel=\"noreferrer noopener\">INA<\/a> &#8211; The Institut national de l&#8217;audiovisuel provides access to thousands of archived programs, spanning more than half a century of television. Free streaming for some. Downloads are not free.  <\/li><li><a aria-label=\" (s&#x2019;ouvre dans un nouvel onglet)\" href=\"https:\/\/climage.ch\/\" target=\"_blank\" rel=\"noreferrer noopener\">Climage<\/a> &#8211; Free access to some of the Lausanne collective&#8217;s films<\/li><li><a href=\"https:\/\/www.cinematheque.fr\/les-collections-de-la-cinematheque-francaise.html\" target=\"_blank\" rel=\"noreferrer noopener\">La Cin\u00e9math\u00e8que fran\u00e7aise<\/a> &#8211; Discover film lessons, lectures, round tables, dialogues and other events at the Cin\u00e9math\u00e8que fran\u00e7aise<\/li><li><a aria-label=\" (s&#x2019;ouvre dans un nouvel onglet)\" href=\"http:\/\/www.notrehistoire.ch\/\" target=\"_blank\" rel=\"noreferrer noopener\">Notre Histoire<\/a> &#8211; Interactive platform presenting a panorama of French-speaking Switzerland in images and sound<\/li><li><a aria-label=\" (s&#x2019;ouvre dans un nouvel onglet)\" href=\"http:\/\/www.plansfixes.ch\/\" target=\"_blank\" rel=\"noreferrer noopener\">Plans-Fixes<\/a> &#8211; A living memory of our times, all the filmed portraits of personalities from French-speaking Switzerland shot since 1977.<\/li><li><a aria-label=\"  (s&#x2019;ouvre dans un nouvel onglet)\" href=\"http:\/\/www.rts.ch\/archives\/thematiques\/culture\/cinema\/\" target=\"_blank\" rel=\"noreferrer noopener\">RTS film archives<\/a><\/li><li><a aria-label=\" (s&#x2019;ouvre dans un nouvel onglet)\" href=\"https:\/\/player.bfi.org.uk\/free\/collection\/victorian-film\" target=\"_blank\" rel=\"noreferrer noopener\">British Film Institute<\/a> &#8211; English-language films made between 1895 and 1901<\/li><li><a aria-label=\" (s&#x2019;ouvre dans un nouvel onglet)\" href=\"http:\/\/www.openculture.com\/freemoviesonline\" target=\"_blank\" rel=\"noreferrer noopener\">Open Culture<\/a> &#8211; Access to 700 free streaming films: classics, indies, film noirs, westerns, etc.<\/li><li><a aria-label=\" (s&#x2019;ouvre dans un nouvel onglet)\" href=\"https:\/\/www.loc.gov\/film-and-videos\/?sp=2&amp;st=gallery\" target=\"_blank\" rel=\"noreferrer noopener\">Library of Congress<\/a> &#8211; Free <a aria-label=\" (s&#x2019;ouvre dans un nouvel onglet)\" href=\"https:\/\/www.loc.gov\/film-and-videos\/?sp=2&amp;st=gallery\" target=\"_blank\" rel=\"noreferrer noopener\">movies and videos<\/a> <\/li><li><a href=\"https:\/\/library.princeton.edu\/pathebaby\/films\" target=\"_blank\" rel=\"noreferrer noopener\">Path\u00e9 Baby Collection<\/a> &#8211; Films shot with the Path\u00e9-Baby, an amateur cinema system created in 1922 by Charles Path\u00e9.<\/li><li><a aria-label=\" (s&#x2019;ouvre dans un nouvel onglet)\" href=\"http:\/\/archive.org\/details\/movies\" target=\"_blank\" rel=\"noreferrer noopener\">Internet Archive<\/a> &#8211; Streaming access to thousands of digitized films and videos covering all genres and periods (from the worst to the best!).<\/li><li><a aria-label=\" (s&#x2019;ouvre dans un nouvel onglet)\" href=\"http:\/\/www.ubu.com\/film\/index.html\" target=\"_blank\" rel=\"noreferrer noopener\">UbuWeb: Film &amp; Video<\/a> &#8211; Site dedicated to the different currents of the avant-garde. Many experimental films in streaming <\/li><li><a aria-label=\" (s&#x2019;ouvre dans un nouvel onglet)\" href=\"http:\/\/www.youtube.com\/mosfilm\" target=\"_blank\" rel=\"noreferrer noopener\">Russian films<\/a> &#8211; Dozens of great Soviet films, some in OV with English subtitles<\/li><li><a aria-label=\" (s&#x2019;ouvre dans un nouvel onglet)\" href=\"http:\/\/www.awn.com\/\" target=\"_blank\" rel=\"noreferrer noopener\">Animation World Network<\/a> <em>&#8211; Access <\/em>by content type, genre, technical style<\/li><\/ul>\n\n<p><\/p>\n\n<p><strong>Television<\/strong><\/p>\n\n<ul class=\"wp-block-list\"><li><a href=\"https:\/\/www.histv.net\/\" target=\"_blank\" rel=\"noreferrer noopener\">Histoire de la t\u00e9l\u00e9vision<\/a> &#8211; Une v\u00e9ritable arch\u00e9ologie de la petite lucarne by Andr\u00e9 Lange (Universit\u00e9 libre de Bruxelles)<\/li><\/ul>\n\n<p><\/p>\n\n<p><strong>Film music<\/strong><\/p>\n\n<ul class=\"wp-block-list\"><li><a rel=\"noreferrer noopener\" href=\"http:\/\/www.underscores.fr\/\" target=\"_blank\">UnderScores<\/a><\/li><li><a rel=\"noreferrer noopener\" href=\"http:\/\/www.cinezik.org\/index.php\" target=\"_blank\">Cinezik<\/a><\/li><li><a rel=\"noreferrer noopener\" href=\"http:\/\/www.soundtrack.net\/\" target=\"_blank\">Soundtrack.Net<\/a><\/li><\/ul>\n\n<p><\/p>\n\n<p><strong>Filmmakers<\/strong><\/p>\n\n<ul class=\"wp-block-list\"><li><a href=\"http:\/\/www.visual-memory.co.uk\/amk\/index.html\" target=\"_blank\" rel=\"noreferrer noopener\">Stanley Kubrick<\/a><\/li><li><a href=\"http:\/\/www.lubitsch.com\/\" target=\"_blank\" rel=\"noreferrer noopener\">Ernst Lubitsch<\/a><\/li><li><a href=\"http:\/\/jonasmekasfilms.com\/diary\/\" target=\"_blank\" rel=\"noreferrer noopener\">Jonas Mekas<\/a><\/li><li><a href=\"http:\/\/www.melies.eu\/bio.html\" target=\"_blank\" rel=\"noreferrer noopener\">Georges M\u00e9li\u00e8s<\/a><\/li><li><a href=\"http:\/\/www.johnakre.com\/murnau\/univers.htm\" target=\"_blank\" rel=\"noreferrer noopener\">F. W. Murnau<\/a><\/li><li><a href=\"http:\/\/nostalghia.com\/index.html\" target=\"_blank\" rel=\"noreferrer noopener\">Andrei Tarkovski<\/a><\/li><li><a href=\"https:\/\/tativille.weebly.com\/\" target=\"_blank\" rel=\"noreferrer noopener\">Jacques Tati<\/a><em> <\/em><\/li><\/ul>\n\n<p><\/p>\n\n<p><strong>Other  <\/strong><\/p>\n\n<ul class=\"wp-block-list\"><li><a rel=\"noreferrer noopener\" href=\"http:\/\/cinematographes.free.fr\/index.html\" target=\"_blank\">Cin\u00e9matographes<\/a> &#8211; Directory of devices that marked the history of silent cinema in France<\/li><li><a href=\"https:\/\/www.britishpathe.com\/\" target=\"_blank\" rel=\"noreferrer noopener\">British Path\u00e9<\/a>  <\/li><li><a rel=\"noreferrer noopener\" href=\"http:\/\/www.ilcinemamuto.it\/betatest\/\" target=\"_blank\">Italian silent film portal<\/a><\/li><li><a rel=\"noreferrer noopener\" href=\"http:\/\/www.midnighteye.com\/\" target=\"_blank\">Midnight Eye<\/a> &#8211; Site dedicated to Japanese cinema<\/li><li><a rel=\"noreferrer noopener\" href=\"http:\/\/www.davidbordwell.net\/\" target=\"_blank\">Website of David Bordwell<\/a>, film historian<\/li><li><a rel=\"noreferrer noopener\" href=\"http:\/\/www.victorian-cinema.net\/about\" target=\"_blank\">Who&#8217;s Who of Victorian Cinema<\/a> &#8211; biographical guide (1871-1901)<\/li><li><a rel=\"noreferrer noopener\" href=\"http:\/\/www.cinergie.be\/accueil\" target=\"_blank\">Cinergie.be<\/a> &#8211; The Belgian cinema website<\/li><li><a rel=\"noreferrer noopener\" href=\"http:\/\/www.nanarland.com\/\" target=\"_blank\">Nanarland <\/a>&#8211; The website for bad and funny movies<\/li><\/ul>\n","protected":false},"excerpt":{"rendered":"<p>Dictionaries, encyclopedias Schirmer Encyclopedia of film \/ Barry Keith Grant (ed.), 2007 Vol. 1 Academy Awards &#8211; Crime Films Vol. 2 Criticism &#8211; Ideology Vol. 3 Independent Film &#8211; Road Movies Vol. 4 Romantic Comedy &#8211; Yugoslavia Cinema &amp; History \/ History &amp; Cinema &#8211; \u201cEncyclopedia of historical films\u201d featuring 15,000 historical films and TV [&hellip;]<\/p>\n","protected":false},"author":120,"featured_media":0,"parent":0,"menu_order":0,"comment_status":"closed","ping_status":"closed","template":"","meta":{"_acf_changed":false,"_oasis_is_in_workflow":0,"_oasis_original":0,"_oasis_task_priority":"","footnotes":""},"coauthors":[1316],"class_list":["post-40214","page","type-page","status-publish","hentry"],"acf":[],"yoast_head":"<!-- This site is optimized with the Yoast SEO plugin v27.0 - https:\/\/yoast.com\/product\/yoast-seo-wordpress\/ -->\n<title>Various cinema links - BCUL<\/title>\n<meta name=\"robots\" content=\"index, follow, max-snippet:-1, max-image-preview:large, max-video-preview:-1\" \/>\n<link rel=\"canonical\" href=\"https:\/\/www.bcu-lausanne.ch\/en\/various-cinema-links\/\" \/>\n<meta property=\"og:locale\" content=\"en_US\" \/>\n<meta property=\"og:type\" content=\"article\" \/>\n<meta property=\"og:title\" content=\"Various cinema links - BCUL\" \/>\n<meta property=\"og:description\" content=\"Dictionaries, encyclopedias Schirmer Encyclopedia of film \/ Barry Keith Grant (ed.), 2007 Vol. 1 Academy Awards &#8211; Crime Films Vol. 2 Criticism &#8211; Ideology Vol. 3 Independent Film &#8211; Road Movies Vol. 4 Romantic Comedy &#8211; Yugoslavia Cinema &amp; History \/ History &amp; Cinema &#8211; \u201cEncyclopedia of historical films\u201d featuring 15,000 historical films and TV [&hellip;]\" \/>\n<meta property=\"og:url\" content=\"https:\/\/www.bcu-lausanne.ch\/en\/various-cinema-links\/\" \/>\n<meta property=\"og:site_name\" content=\"BCUL\" \/>\n<meta property=\"article:publisher\" content=\"https:\/\/www.facebook.com\/BCULausanne\" \/>\n<meta property=\"article:modified_time\" content=\"2025-06-19T09:13:20+00:00\" \/>\n<meta name=\"twitter:card\" content=\"summary_large_image\" \/>\n<meta name=\"twitter:site\" content=\"@BCULausanne\" \/>\n<meta name=\"twitter:label1\" content=\"Est. reading time\" \/>\n\t<meta name=\"twitter:data1\" content=\"3 minutes\" \/>\n\t<meta name=\"twitter:label2\" content=\"Written by\" \/>\n\t<meta name=\"twitter:data2\" content=\"Felicien Lovis\" \/>\n<script type=\"application\/ld+json\" class=\"yoast-schema-graph\">{\"@context\":\"https:\/\/schema.org\",\"@graph\":[{\"@type\":\"WebPage\",\"@id\":\"https:\/\/www.bcu-lausanne.ch\/en\/various-cinema-links\/\",\"url\":\"https:\/\/www.bcu-lausanne.ch\/en\/various-cinema-links\/\",\"name\":\"Various cinema links - BCUL\",\"isPartOf\":{\"@id\":\"https:\/\/www.bcu-lausanne.ch\/#website\"},\"datePublished\":\"2025-06-19T09:13:18+00:00\",\"dateModified\":\"2025-06-19T09:13:20+00:00\",\"breadcrumb\":{\"@id\":\"https:\/\/www.bcu-lausanne.ch\/en\/various-cinema-links\/#breadcrumb\"},\"inLanguage\":\"en-US\",\"potentialAction\":[{\"@type\":\"ReadAction\",\"target\":[\"https:\/\/www.bcu-lausanne.ch\/en\/various-cinema-links\/\"]}]},{\"@type\":\"BreadcrumbList\",\"@id\":\"https:\/\/www.bcu-lausanne.ch\/en\/various-cinema-links\/#breadcrumb\",\"itemListElement\":[{\"@type\":\"ListItem\",\"position\":1,\"name\":\"Accueil\",\"item\":\"https:\/\/www.bcu-lausanne.ch\/en\/\"},{\"@type\":\"ListItem\",\"position\":2,\"name\":\"Various cinema links\"}]},{\"@type\":\"WebSite\",\"@id\":\"https:\/\/www.bcu-lausanne.ch\/#website\",\"url\":\"https:\/\/www.bcu-lausanne.ch\/\",\"name\":\"BCUL\",\"description\":\"Biblioth\u00e8que cantonale et universitaire - Lausanne\",\"publisher\":{\"@id\":\"https:\/\/www.bcu-lausanne.ch\/#organization\"},\"potentialAction\":[{\"@type\":\"SearchAction\",\"target\":{\"@type\":\"EntryPoint\",\"urlTemplate\":\"https:\/\/www.bcu-lausanne.ch\/?s={search_term_string}\"},\"query-input\":{\"@type\":\"PropertyValueSpecification\",\"valueRequired\":true,\"valueName\":\"search_term_string\"}}],\"inLanguage\":\"en-US\"},{\"@type\":\"Organization\",\"@id\":\"https:\/\/www.bcu-lausanne.ch\/#organization\",\"name\":\"BCU Lausanne\",\"url\":\"https:\/\/www.bcu-lausanne.ch\/\",\"logo\":{\"@type\":\"ImageObject\",\"inLanguage\":\"en-US\",\"@id\":\"https:\/\/www.bcu-lausanne.ch\/#\/schema\/logo\/image\/\",\"url\":\"https:\/\/www.bcu-lausanne.ch\/wp-content\/uploads\/2020\/05\/bcul-logo-rvb.png\",\"contentUrl\":\"https:\/\/www.bcu-lausanne.ch\/wp-content\/uploads\/2020\/05\/bcul-logo-rvb.png\",\"width\":1535,\"height\":1181,\"caption\":\"BCU Lausanne\"},\"image\":{\"@id\":\"https:\/\/www.bcu-lausanne.ch\/#\/schema\/logo\/image\/\"},\"sameAs\":[\"https:\/\/www.facebook.com\/BCULausanne\",\"https:\/\/x.com\/BCULausanne\",\"https:\/\/www.instagram.com\/bculausanne\/\",\"https:\/\/www.linkedin.com\/company\/bcu-lausanne\/\",\"https:\/\/www.youtube.com\/channel\/UCdk4ItiYuWBJBz6yZnOPaEw\"]}]}<\/script>\n<!-- \/ Yoast SEO plugin. -->","yoast_head_json":{"title":"Various cinema links - BCUL","robots":{"index":"index","follow":"follow","max-snippet":"max-snippet:-1","max-image-preview":"max-image-preview:large","max-video-preview":"max-video-preview:-1"},"canonical":"https:\/\/www.bcu-lausanne.ch\/en\/various-cinema-links\/","og_locale":"en_US","og_type":"article","og_title":"Various cinema links - BCUL","og_description":"Dictionaries, encyclopedias Schirmer Encyclopedia of film \/ Barry Keith Grant (ed.), 2007 Vol. 1 Academy Awards &#8211; Crime Films Vol. 2 Criticism &#8211; Ideology Vol. 3 Independent Film &#8211; Road Movies Vol. 4 Romantic Comedy &#8211; Yugoslavia Cinema &amp; History \/ History &amp; Cinema &#8211; \u201cEncyclopedia of historical films\u201d featuring 15,000 historical films and TV [&hellip;]","og_url":"https:\/\/www.bcu-lausanne.ch\/en\/various-cinema-links\/","og_site_name":"BCUL","article_publisher":"https:\/\/www.facebook.com\/BCULausanne","article_modified_time":"2025-06-19T09:13:20+00:00","twitter_card":"summary_large_image","twitter_site":"@BCULausanne","twitter_misc":{"Est. reading time":"3 minutes","Written by":"Felicien Lovis"},"schema":{"@context":"https:\/\/schema.org","@graph":[{"@type":"WebPage","@id":"https:\/\/www.bcu-lausanne.ch\/en\/various-cinema-links\/","url":"https:\/\/www.bcu-lausanne.ch\/en\/various-cinema-links\/","name":"Various cinema links - BCUL","isPartOf":{"@id":"https:\/\/www.bcu-lausanne.ch\/#website"},"datePublished":"2025-06-19T09:13:18+00:00","dateModified":"2025-06-19T09:13:20+00:00","breadcrumb":{"@id":"https:\/\/www.bcu-lausanne.ch\/en\/various-cinema-links\/#breadcrumb"},"inLanguage":"en-US","potentialAction":[{"@type":"ReadAction","target":["https:\/\/www.bcu-lausanne.ch\/en\/various-cinema-links\/"]}]},{"@type":"BreadcrumbList","@id":"https:\/\/www.bcu-lausanne.ch\/en\/various-cinema-links\/#breadcrumb","itemListElement":[{"@type":"ListItem","position":1,"name":"Accueil","item":"https:\/\/www.bcu-lausanne.ch\/en\/"},{"@type":"ListItem","position":2,"name":"Various cinema links"}]},{"@type":"WebSite","@id":"https:\/\/www.bcu-lausanne.ch\/#website","url":"https:\/\/www.bcu-lausanne.ch\/","name":"BCUL","description":"Biblioth\u00e8que cantonale et universitaire - Lausanne","publisher":{"@id":"https:\/\/www.bcu-lausanne.ch\/#organization"},"potentialAction":[{"@type":"SearchAction","target":{"@type":"EntryPoint","urlTemplate":"https:\/\/www.bcu-lausanne.ch\/?s={search_term_string}"},"query-input":{"@type":"PropertyValueSpecification","valueRequired":true,"valueName":"search_term_string"}}],"inLanguage":"en-US"},{"@type":"Organization","@id":"https:\/\/www.bcu-lausanne.ch\/#organization","name":"BCU Lausanne","url":"https:\/\/www.bcu-lausanne.ch\/","logo":{"@type":"ImageObject","inLanguage":"en-US","@id":"https:\/\/www.bcu-lausanne.ch\/#\/schema\/logo\/image\/","url":"https:\/\/www.bcu-lausanne.ch\/wp-content\/uploads\/2020\/05\/bcul-logo-rvb.png","contentUrl":"https:\/\/www.bcu-lausanne.ch\/wp-content\/uploads\/2020\/05\/bcul-logo-rvb.png","width":1535,"height":1181,"caption":"BCU Lausanne"},"image":{"@id":"https:\/\/www.bcu-lausanne.ch\/#\/schema\/logo\/image\/"},"sameAs":["https:\/\/www.facebook.com\/BCULausanne","https:\/\/x.com\/BCULausanne","https:\/\/www.instagram.com\/bculausanne\/","https:\/\/www.linkedin.com\/company\/bcu-lausanne\/","https:\/\/www.youtube.com\/channel\/UCdk4ItiYuWBJBz6yZnOPaEw"]}]}},"_links":{"self":[{"href":"https:\/\/www.bcu-lausanne.ch\/en\/wp-json\/wp\/v2\/pages\/40214","targetHints":{"allow":["GET"]}}],"collection":[{"href":"https:\/\/www.bcu-lausanne.ch\/en\/wp-json\/wp\/v2\/pages"}],"about":[{"href":"https:\/\/www.bcu-lausanne.ch\/en\/wp-json\/wp\/v2\/types\/page"}],"author":[{"embeddable":true,"href":"https:\/\/www.bcu-lausanne.ch\/en\/wp-json\/wp\/v2\/users\/120"}],"replies":[{"embeddable":true,"href":"https:\/\/www.bcu-lausanne.ch\/en\/wp-json\/wp\/v2\/comments?post=40214"}],"version-history":[{"count":1,"href":"https:\/\/www.bcu-lausanne.ch\/en\/wp-json\/wp\/v2\/pages\/40214\/revisions"}],"predecessor-version":[{"id":40215,"href":"https:\/\/www.bcu-lausanne.ch\/en\/wp-json\/wp\/v2\/pages\/40214\/revisions\/40215"}],"wp:attachment":[{"href":"https:\/\/www.bcu-lausanne.ch\/en\/wp-json\/wp\/v2\/media?parent=40214"}],"wp:term":[{"taxonomy":"author","embeddable":true,"href":"https:\/\/www.bcu-lausanne.ch\/en\/wp-json\/wp\/v2\/coauthors?post=40214"}],"curies":[{"name":"wp","href":"https:\/\/api.w.org\/{rel}","templated":true}]}}