{"id":40199,"date":"2025-06-19T11:13:09","date_gmt":"2025-06-19T09:13:09","guid":{"rendered":"https:\/\/www.bcu-lausanne.ch\/institution-cinema-documents\/"},"modified":"2025-06-19T11:13:13","modified_gmt":"2025-06-19T09:13:13","slug":"institution-cinema-documents","status":"publish","type":"page","link":"https:\/\/www.bcu-lausanne.ch\/en\/institution-cinema-documents\/","title":{"rendered":"Institution, cinema documents"},"content":{"rendered":"\n<p><\/p>\n\n<ul class=\"wp-block-list\"><li><a aria-label=\" (s&#x2019;ouvre dans un nouvel onglet)\" rel=\"noreferrer noopener\" href=\"https:\/\/domitor.org\/fr\/\" target=\"_blank\">DOMITOR<\/a> &#8211; International Association for Research on Early Cinema<\/li><li><a rel=\"noreferrer noopener\" href=\"http:\/\/www.film.uzh.ch\/index.html\" target=\"_blank\">Seminar F\u00fcr Filmwissenschaft<\/a> &#8211; Film Section, University of Zurich<\/li><li><a rel=\"noreferrer noopener\" href=\"http:\/\/www.cinematheque.ch\/\" target=\"_blank\">Cin\u00e9math\u00e8que suisse<\/a> &#8211; Archives nationales du film<br\/>&#8211; <a href=\"https:\/\/caspar.cinematheque.ch\/\" target=\"_blank\" rel=\"noreferrer noopener\">Inventaire des archives papier<\/a><br\/>&#8211; <a href=\"https:\/\/caspar.cinematheque.ch\/\" target=\"_blank\" rel=\"noreferrer noopener\">Dossiers documentaires r\u00e9alisateur\/titre &#8211; Suisse<\/a><br\/>&#8211; <a href=\"https:\/\/caspar.cinematheque.ch\/dd3-2021\" target=\"_blank\" rel=\"noreferrer noopener\">Dossiers documentaires r\u00e9alisateur\/titre &#8211; International<\/a><\/li><li><a rel=\"noreferrer noopener\" href=\"http:\/\/www.afrhc.fr\/\" target=\"_blank\">Association fran\u00e7aise de recherche sur l&#8217;histoire du cin\u00e9ma<\/a> &#8211; AFRHC brings together most of France&#8217;s leading cinema historians<\/li><li><a rel=\"noreferrer noopener\" href=\"http:\/\/www.ecal.ch\/fr\/100\/homepage\" target=\"_blank\">ECAL<\/a> &#8211; University of Art and Design Lausanne<\/li><li><a rel=\"noreferrer noopener\" href=\"http:\/\/www.focal.ch\/F\/\" target=\"_blank\">FOCAL<\/a> &#8211; Foundation for Continuing Education in Film and Audiovisual Arts<\/li><li><a rel=\"noreferrer noopener\" href=\"https:\/\/memoriav.ch\/en\/\" target=\"_blank\">MEMORIAV<\/a> &#8211; Association for the preservation of audiovisual memory in Switzerland. <a rel=\"noreferrer noopener\" href=\"http:\/\/www.memobase.ch\/\" target=\"_blank\">MEMOBASE<\/a> information portal<br\/><a href=\"https:\/\/memoriav.ch\/fr\/filmographie-cantonale-neuchatel\/\" target=\"_blank\" rel=\"noreferrer noopener\">Cantonal filmography folder : Neuch\u00e2tel<\/a> <\/li><li><a rel=\"noreferrer noopener\" href=\"https:\/\/www.swissfilms.ch\/\" target=\"_blank\">SWISSFILMS<\/a> &#8211; Foundation for the Promotion of Swiss Cinema \/ <a rel=\"noreferrer noopener\" href=\"https:\/\/www.swissfilms.ch\/fr-about-swiss-films-annual-report\/\" target=\"_blank\">Annual reports<\/a><\/li><\/ul>\n\n<ul class=\"wp-block-list\"><li><a rel=\"noreferrer noopener\" href=\"http:\/\/www.cinematheque.fr\/bibliotheque.html\" target=\"_blank\">Biblioth\u00e8que du Film<\/a> &#8211; Europe&#8217;s first center devoted exclusively to film resources. Catalog : <a rel=\"noreferrer noopener\" href=\"http:\/\/cineressources.bifi.fr\/recherche_t.php\" target=\"_blank\">Cin\u00e9-Ressources<\/a> <\/li><li><a rel=\"noreferrer noopener\" href=\"http:\/\/www.bfi.org.uk\/\" target=\"_blank\">British Film Institute<\/a> &#8211; The BFI&#8217;s mission is to encourage and preserve the arts of film and television in the national interest.<\/li><li><a rel=\"noreferrer noopener\" href=\"http:\/\/www.cinegraph.de\/\" target=\"_blank\">CineGraph &#8211; Hamburgisches Centrum f\u00fcr Filmforschung<\/a><\/li><li><a rel=\"noreferrer noopener\" href=\"http:\/\/www.cinematheque.fr\/\" target=\"_blank\"><\/a><a rel=\"noreferrer noopener\" href=\"https:\/\/www.cinematheque.fr\" target=\"_blank\">Cin\u00e9math\u00e8que fran\u00e7aise<\/a><\/li><li><a rel=\"noreferrer noopener\" href=\"https:\/\/cinetecadibologna.it\/\" target=\"_blank\">Cineteca Bologna<\/a><\/li><li><a rel=\"noreferrer noopener\" href=\"https:\/\/www.dfi.dk\/en\" target=\"_blank\">Danish Film Institute<\/a><\/li><li><a rel=\"noreferrer noopener\" href=\"http:\/\/deutsches-filminstitut.de\/filmmuseum\/\" target=\"_blank\">Deutsches Filminstitut Filmmuseum<\/a><\/li><li><a rel=\"noreferrer noopener\" href=\"http:\/\/www.deutsche-kinemathek.de\/en\" target=\"_blank\">Deutsche Kinemathek<\/a><\/li><li><a rel=\"noreferrer noopener\" href=\"http:\/\/www.institut-lumiere.org\/\" target=\"_blank\">Lumi\u00e8re Institute<\/a><\/li><li><a rel=\"noreferrer noopener\" href=\"http:\/\/www.museocinema.it\/quick_info.php?l=fr\" target=\"_blank\">Museo Nazionale del Cinema<\/a><\/li><li><a rel=\"noreferrer noopener\" href=\"http:\/\/www.unifrance.org\/\" target=\"_blank\">UniFrance Films<\/a>. Promotion of French cinema worldwide, database of feature-length and short films. <\/li><\/ul>\n\n<ul class=\"wp-block-list\"><li><a rel=\"noreferrer noopener\" href=\"http:\/\/www.afi.com\/\" target=\"_blank\">American Film Institute<\/a><\/li><li><a rel=\"noreferrer noopener\" href=\"http:\/\/www.amianet.org\/\" target=\"_blank\">Association of Moving Image Archivists<\/a><\/li><li><a rel=\"noreferrer noopener\" href=\"http:\/\/www.grafics.ca\/index.php\" target=\"_blank\">Grafics<\/a> Groupe de recherche sur l&#8217;av\u00e8nement et la formation des institutions cin\u00e9matographique et sc\u00e9nique (Universit\u00e9 de Montr\u00e9al)<\/li><\/ul>\n\n<ul class=\"wp-block-list\"><li><a href=\"http:\/\/www.cinematheque.ch\/i\/documents-de-cinema\/documents-de-cinema\/introduction\/\" target=\"_blank\" rel=\"noreferrer noopener\">Cin\u00e9math\u00e8que suisse &#8211; Discover<\/a>. Collection of studies, documents and historical notes <\/li><li><a href=\"http:\/\/wp.unil.ch\/cinematheque-unil\/\" target=\"_blank\" rel=\"noreferrer noopener\">UNIL + Cin\u00e9math\u00e8que suisse collaboration<\/a><\/li><li><a href=\"https:\/\/www.cinematheque.fr\/recherche\/decouvrir.html?t=D%26eacute%3Bcouvrir\" target=\"_blank\" rel=\"noreferrer noopener\">Cin\u00e9math\u00e8que fran\u00e7aise &#8211; Discover<\/a><\/li><li><a href=\"https:\/\/edison.rutgers.edu\/\" target=\"_blank\" rel=\"noreferrer noopener\">The Thomas Edison Papers<\/a><\/li><li><a href=\"https:\/\/www.biusante.parisdescartes.fr\/histoire\/medica\/presentations\/marey\/index.php\" target=\"_blank\" rel=\"noreferrer noopener\">Etienne-Jules Marey<\/a><\/li><\/ul>\n\n<p><\/p>\n","protected":false},"excerpt":{"rendered":"<p>DOMITOR &#8211; International Association for Research on Early Cinema Seminar F\u00fcr Filmwissenschaft &#8211; Film Section, University of Zurich Cin\u00e9math\u00e8que suisse &#8211; Archives nationales du film&#8211; Inventaire des archives papier&#8211; Dossiers documentaires r\u00e9alisateur\/titre &#8211; Suisse&#8211; Dossiers documentaires r\u00e9alisateur\/titre &#8211; International Association fran\u00e7aise de recherche sur l&#8217;histoire du cin\u00e9ma &#8211; AFRHC brings together most of France&#8217;s leading [&hellip;]<\/p>\n","protected":false},"author":120,"featured_media":0,"parent":0,"menu_order":0,"comment_status":"closed","ping_status":"closed","template":"","meta":{"_acf_changed":false,"_oasis_is_in_workflow":0,"_oasis_original":0,"_oasis_task_priority":"","footnotes":""},"coauthors":[1316],"class_list":["post-40199","page","type-page","status-publish","hentry"],"acf":[],"yoast_head":"<!-- This site is optimized with the Yoast SEO plugin v27.5 - https:\/\/yoast.com\/product\/yoast-seo-wordpress\/ -->\n<title>Institution, cinema documents - BCUL<\/title>\n<meta name=\"robots\" content=\"index, follow, max-snippet:-1, max-image-preview:large, max-video-preview:-1\" \/>\n<link rel=\"canonical\" href=\"https:\/\/www.bcu-lausanne.ch\/en\/institution-cinema-documents\/\" \/>\n<meta property=\"og:locale\" content=\"en_US\" \/>\n<meta property=\"og:type\" content=\"article\" \/>\n<meta property=\"og:title\" content=\"Institution, cinema documents - BCUL\" \/>\n<meta property=\"og:description\" content=\"DOMITOR &#8211; International Association for Research on Early Cinema Seminar F\u00fcr Filmwissenschaft &#8211; Film Section, University of Zurich Cin\u00e9math\u00e8que suisse &#8211; Archives nationales du film&#8211; Inventaire des archives papier&#8211; Dossiers documentaires r\u00e9alisateur\/titre &#8211; Suisse&#8211; Dossiers documentaires r\u00e9alisateur\/titre &#8211; International Association fran\u00e7aise de recherche sur l&#8217;histoire du cin\u00e9ma &#8211; AFRHC brings together most of France&#8217;s leading [&hellip;]\" \/>\n<meta property=\"og:url\" content=\"https:\/\/www.bcu-lausanne.ch\/en\/institution-cinema-documents\/\" \/>\n<meta property=\"og:site_name\" content=\"BCUL\" \/>\n<meta property=\"article:publisher\" content=\"https:\/\/www.facebook.com\/BCULausanne\" \/>\n<meta property=\"article:modified_time\" content=\"2025-06-19T09:13:13+00:00\" \/>\n<meta name=\"twitter:card\" content=\"summary_large_image\" \/>\n<meta name=\"twitter:site\" content=\"@BCULausanne\" \/>\n<meta name=\"twitter:label1\" content=\"Est. reading time\" \/>\n\t<meta name=\"twitter:data1\" content=\"1 minute\" \/>\n\t<meta name=\"twitter:label2\" content=\"Written by\" \/>\n\t<meta name=\"twitter:data2\" content=\"Felicien Lovis\" \/>\n<script type=\"application\/ld+json\" class=\"yoast-schema-graph\">{\"@context\":\"https:\\\/\\\/schema.org\",\"@graph\":[{\"@type\":\"WebPage\",\"@id\":\"https:\\\/\\\/www.bcu-lausanne.ch\\\/en\\\/institution-cinema-documents\\\/\",\"url\":\"https:\\\/\\\/www.bcu-lausanne.ch\\\/en\\\/institution-cinema-documents\\\/\",\"name\":\"Institution, cinema documents - BCUL\",\"isPartOf\":{\"@id\":\"https:\\\/\\\/www.bcu-lausanne.ch\\\/#website\"},\"datePublished\":\"2025-06-19T09:13:09+00:00\",\"dateModified\":\"2025-06-19T09:13:13+00:00\",\"breadcrumb\":{\"@id\":\"https:\\\/\\\/www.bcu-lausanne.ch\\\/en\\\/institution-cinema-documents\\\/#breadcrumb\"},\"inLanguage\":\"en-US\",\"potentialAction\":[{\"@type\":\"ReadAction\",\"target\":[\"https:\\\/\\\/www.bcu-lausanne.ch\\\/en\\\/institution-cinema-documents\\\/\"]}]},{\"@type\":\"BreadcrumbList\",\"@id\":\"https:\\\/\\\/www.bcu-lausanne.ch\\\/en\\\/institution-cinema-documents\\\/#breadcrumb\",\"itemListElement\":[{\"@type\":\"ListItem\",\"position\":1,\"name\":\"Accueil\",\"item\":\"https:\\\/\\\/www.bcu-lausanne.ch\\\/en\\\/\"},{\"@type\":\"ListItem\",\"position\":2,\"name\":\"Institution, cinema documents\"}]},{\"@type\":\"WebSite\",\"@id\":\"https:\\\/\\\/www.bcu-lausanne.ch\\\/#website\",\"url\":\"https:\\\/\\\/www.bcu-lausanne.ch\\\/\",\"name\":\"BCUL\",\"description\":\"Biblioth\u00e8que cantonale et universitaire - Lausanne\",\"publisher\":{\"@id\":\"https:\\\/\\\/www.bcu-lausanne.ch\\\/#organization\"},\"potentialAction\":[{\"@type\":\"SearchAction\",\"target\":{\"@type\":\"EntryPoint\",\"urlTemplate\":\"https:\\\/\\\/www.bcu-lausanne.ch\\\/?s={search_term_string}\"},\"query-input\":{\"@type\":\"PropertyValueSpecification\",\"valueRequired\":true,\"valueName\":\"search_term_string\"}}],\"inLanguage\":\"en-US\"},{\"@type\":\"Organization\",\"@id\":\"https:\\\/\\\/www.bcu-lausanne.ch\\\/#organization\",\"name\":\"BCU Lausanne\",\"url\":\"https:\\\/\\\/www.bcu-lausanne.ch\\\/\",\"logo\":{\"@type\":\"ImageObject\",\"inLanguage\":\"en-US\",\"@id\":\"https:\\\/\\\/www.bcu-lausanne.ch\\\/#\\\/schema\\\/logo\\\/image\\\/\",\"url\":\"https:\\\/\\\/www.bcu-lausanne.ch\\\/wp-content\\\/uploads\\\/2020\\\/05\\\/bcul-logo-rvb.png\",\"contentUrl\":\"https:\\\/\\\/www.bcu-lausanne.ch\\\/wp-content\\\/uploads\\\/2020\\\/05\\\/bcul-logo-rvb.png\",\"width\":1535,\"height\":1181,\"caption\":\"BCU Lausanne\"},\"image\":{\"@id\":\"https:\\\/\\\/www.bcu-lausanne.ch\\\/#\\\/schema\\\/logo\\\/image\\\/\"},\"sameAs\":[\"https:\\\/\\\/www.facebook.com\\\/BCULausanne\",\"https:\\\/\\\/x.com\\\/BCULausanne\",\"https:\\\/\\\/www.instagram.com\\\/bculausanne\\\/\",\"https:\\\/\\\/www.linkedin.com\\\/company\\\/bcu-lausanne\\\/\",\"https:\\\/\\\/www.youtube.com\\\/channel\\\/UCdk4ItiYuWBJBz6yZnOPaEw\"]}]}<\/script>\n<!-- \/ Yoast SEO plugin. -->","yoast_head_json":{"title":"Institution, cinema documents - BCUL","robots":{"index":"index","follow":"follow","max-snippet":"max-snippet:-1","max-image-preview":"max-image-preview:large","max-video-preview":"max-video-preview:-1"},"canonical":"https:\/\/www.bcu-lausanne.ch\/en\/institution-cinema-documents\/","og_locale":"en_US","og_type":"article","og_title":"Institution, cinema documents - BCUL","og_description":"DOMITOR &#8211; International Association for Research on Early Cinema Seminar F\u00fcr Filmwissenschaft &#8211; Film Section, University of Zurich Cin\u00e9math\u00e8que suisse &#8211; Archives nationales du film&#8211; Inventaire des archives papier&#8211; Dossiers documentaires r\u00e9alisateur\/titre &#8211; Suisse&#8211; Dossiers documentaires r\u00e9alisateur\/titre &#8211; International Association fran\u00e7aise de recherche sur l&#8217;histoire du cin\u00e9ma &#8211; AFRHC brings together most of France&#8217;s leading [&hellip;]","og_url":"https:\/\/www.bcu-lausanne.ch\/en\/institution-cinema-documents\/","og_site_name":"BCUL","article_publisher":"https:\/\/www.facebook.com\/BCULausanne","article_modified_time":"2025-06-19T09:13:13+00:00","twitter_card":"summary_large_image","twitter_site":"@BCULausanne","twitter_misc":{"Est. reading time":"1 minute","Written by":"Felicien Lovis"},"schema":{"@context":"https:\/\/schema.org","@graph":[{"@type":"WebPage","@id":"https:\/\/www.bcu-lausanne.ch\/en\/institution-cinema-documents\/","url":"https:\/\/www.bcu-lausanne.ch\/en\/institution-cinema-documents\/","name":"Institution, cinema documents - BCUL","isPartOf":{"@id":"https:\/\/www.bcu-lausanne.ch\/#website"},"datePublished":"2025-06-19T09:13:09+00:00","dateModified":"2025-06-19T09:13:13+00:00","breadcrumb":{"@id":"https:\/\/www.bcu-lausanne.ch\/en\/institution-cinema-documents\/#breadcrumb"},"inLanguage":"en-US","potentialAction":[{"@type":"ReadAction","target":["https:\/\/www.bcu-lausanne.ch\/en\/institution-cinema-documents\/"]}]},{"@type":"BreadcrumbList","@id":"https:\/\/www.bcu-lausanne.ch\/en\/institution-cinema-documents\/#breadcrumb","itemListElement":[{"@type":"ListItem","position":1,"name":"Accueil","item":"https:\/\/www.bcu-lausanne.ch\/en\/"},{"@type":"ListItem","position":2,"name":"Institution, cinema documents"}]},{"@type":"WebSite","@id":"https:\/\/www.bcu-lausanne.ch\/#website","url":"https:\/\/www.bcu-lausanne.ch\/","name":"BCUL","description":"Biblioth\u00e8que cantonale et universitaire - Lausanne","publisher":{"@id":"https:\/\/www.bcu-lausanne.ch\/#organization"},"potentialAction":[{"@type":"SearchAction","target":{"@type":"EntryPoint","urlTemplate":"https:\/\/www.bcu-lausanne.ch\/?s={search_term_string}"},"query-input":{"@type":"PropertyValueSpecification","valueRequired":true,"valueName":"search_term_string"}}],"inLanguage":"en-US"},{"@type":"Organization","@id":"https:\/\/www.bcu-lausanne.ch\/#organization","name":"BCU Lausanne","url":"https:\/\/www.bcu-lausanne.ch\/","logo":{"@type":"ImageObject","inLanguage":"en-US","@id":"https:\/\/www.bcu-lausanne.ch\/#\/schema\/logo\/image\/","url":"https:\/\/www.bcu-lausanne.ch\/wp-content\/uploads\/2020\/05\/bcul-logo-rvb.png","contentUrl":"https:\/\/www.bcu-lausanne.ch\/wp-content\/uploads\/2020\/05\/bcul-logo-rvb.png","width":1535,"height":1181,"caption":"BCU Lausanne"},"image":{"@id":"https:\/\/www.bcu-lausanne.ch\/#\/schema\/logo\/image\/"},"sameAs":["https:\/\/www.facebook.com\/BCULausanne","https:\/\/x.com\/BCULausanne","https:\/\/www.instagram.com\/bculausanne\/","https:\/\/www.linkedin.com\/company\/bcu-lausanne\/","https:\/\/www.youtube.com\/channel\/UCdk4ItiYuWBJBz6yZnOPaEw"]}]}},"_links":{"self":[{"href":"https:\/\/www.bcu-lausanne.ch\/en\/wp-json\/wp\/v2\/pages\/40199","targetHints":{"allow":["GET"]}}],"collection":[{"href":"https:\/\/www.bcu-lausanne.ch\/en\/wp-json\/wp\/v2\/pages"}],"about":[{"href":"https:\/\/www.bcu-lausanne.ch\/en\/wp-json\/wp\/v2\/types\/page"}],"author":[{"embeddable":true,"href":"https:\/\/www.bcu-lausanne.ch\/en\/wp-json\/wp\/v2\/users\/120"}],"replies":[{"embeddable":true,"href":"https:\/\/www.bcu-lausanne.ch\/en\/wp-json\/wp\/v2\/comments?post=40199"}],"version-history":[{"count":1,"href":"https:\/\/www.bcu-lausanne.ch\/en\/wp-json\/wp\/v2\/pages\/40199\/revisions"}],"predecessor-version":[{"id":40200,"href":"https:\/\/www.bcu-lausanne.ch\/en\/wp-json\/wp\/v2\/pages\/40199\/revisions\/40200"}],"wp:attachment":[{"href":"https:\/\/www.bcu-lausanne.ch\/en\/wp-json\/wp\/v2\/media?parent=40199"}],"wp:term":[{"taxonomy":"author","embeddable":true,"href":"https:\/\/www.bcu-lausanne.ch\/en\/wp-json\/wp\/v2\/coauthors?post=40199"}],"curies":[{"name":"wp","href":"https:\/\/api.w.org\/{rel}","templated":true}]}}