{"id":38834,"date":"2024-07-02T17:06:10","date_gmt":"2024-07-02T15:06:10","guid":{"rendered":"https:\/\/www.bcu-lausanne.ch\/bibliotheque-numerique\/"},"modified":"2025-06-19T11:16:32","modified_gmt":"2025-06-19T09:16:32","slug":"bibliotheque-numerique","status":"publish","type":"page","link":"https:\/\/www.bcu-lausanne.ch\/en\/bibliotheque-numerique\/","title":{"rendered":"Digital resources"},"content":{"rendered":"","protected":false},"excerpt":{"rendered":"","protected":false},"author":1,"featured_media":38721,"parent":0,"menu_order":0,"comment_status":"closed","ping_status":"closed","template":"template-library.php","meta":{"_acf_changed":false,"_oasis_is_in_workflow":0,"_oasis_original":0,"_oasis_task_priority":"","footnotes":""},"coauthors":[1338,620,1328,1329],"class_list":["post-38834","page","type-page","status-publish","has-post-thumbnail","hentry"],"acf":[],"yoast_head":"<!-- This site is optimized with the Yoast SEO plugin v27.5 - https:\/\/yoast.com\/product\/yoast-seo-wordpress\/ -->\n<title>Digital resources - BCUL<\/title>\n<meta name=\"robots\" content=\"index, follow, max-snippet:-1, max-image-preview:large, max-video-preview:-1\" \/>\n<link rel=\"canonical\" href=\"https:\/\/www.bcu-lausanne.ch\/en\/bibliotheque-numerique\/\" \/>\n<meta property=\"og:locale\" content=\"en_US\" \/>\n<meta property=\"og:type\" content=\"article\" \/>\n<meta property=\"og:title\" content=\"Digital resources - BCUL\" \/>\n<meta property=\"og:url\" content=\"https:\/\/www.bcu-lausanne.ch\/en\/bibliotheque-numerique\/\" \/>\n<meta property=\"og:site_name\" content=\"BCUL\" \/>\n<meta property=\"article:publisher\" content=\"https:\/\/www.facebook.com\/BCULausanne\" \/>\n<meta property=\"article:modified_time\" content=\"2025-06-19T09:16:32+00:00\" \/>\n<meta property=\"og:image\" content=\"https:\/\/www.bcu-lausanne.ch\/wp-content\/uploads\/2025\/01\/20250114_offrenum_header.jpg\" \/>\n\t<meta property=\"og:image:width\" content=\"1800\" \/>\n\t<meta property=\"og:image:height\" content=\"400\" \/>\n\t<meta property=\"og:image:type\" content=\"image\/jpeg\" \/>\n<meta name=\"twitter:card\" content=\"summary_large_image\" \/>\n<meta name=\"twitter:site\" content=\"@BCULausanne\" \/>\n<meta name=\"twitter:label1\" content=\"Est. reading time\" \/>\n\t<meta name=\"twitter:data1\" content=\"1 minute\" \/>\n\t<meta name=\"twitter:label2\" content=\"Written by\" \/>\n\t<meta name=\"twitter:data2\" content=\"Simona Sala, Agence troisdeuxun, Aur\u00e9lie Terrier, Pauline Th\u00e9ry\" \/>\n<script type=\"application\/ld+json\" class=\"yoast-schema-graph\">{\"@context\":\"https:\\\/\\\/schema.org\",\"@graph\":[{\"@type\":\"WebPage\",\"@id\":\"https:\\\/\\\/www.bcu-lausanne.ch\\\/en\\\/bibliotheque-numerique\\\/\",\"url\":\"https:\\\/\\\/www.bcu-lausanne.ch\\\/en\\\/bibliotheque-numerique\\\/\",\"name\":\"Digital resources - BCUL\",\"isPartOf\":{\"@id\":\"https:\\\/\\\/www.bcu-lausanne.ch\\\/#website\"},\"primaryImageOfPage\":{\"@id\":\"https:\\\/\\\/www.bcu-lausanne.ch\\\/en\\\/bibliotheque-numerique\\\/#primaryimage\"},\"image\":{\"@id\":\"https:\\\/\\\/www.bcu-lausanne.ch\\\/en\\\/bibliotheque-numerique\\\/#primaryimage\"},\"thumbnailUrl\":\"https:\\\/\\\/www.bcu-lausanne.ch\\\/wp-content\\\/uploads\\\/2025\\\/01\\\/20250114_offrenum_header.jpg\",\"datePublished\":\"2024-07-02T15:06:10+00:00\",\"dateModified\":\"2025-06-19T09:16:32+00:00\",\"breadcrumb\":{\"@id\":\"https:\\\/\\\/www.bcu-lausanne.ch\\\/en\\\/bibliotheque-numerique\\\/#breadcrumb\"},\"inLanguage\":\"en-US\",\"potentialAction\":[{\"@type\":\"ReadAction\",\"target\":[\"https:\\\/\\\/www.bcu-lausanne.ch\\\/en\\\/bibliotheque-numerique\\\/\"]}]},{\"@type\":\"ImageObject\",\"inLanguage\":\"en-US\",\"@id\":\"https:\\\/\\\/www.bcu-lausanne.ch\\\/en\\\/bibliotheque-numerique\\\/#primaryimage\",\"url\":\"https:\\\/\\\/www.bcu-lausanne.ch\\\/wp-content\\\/uploads\\\/2025\\\/01\\\/20250114_offrenum_header.jpg\",\"contentUrl\":\"https:\\\/\\\/www.bcu-lausanne.ch\\\/wp-content\\\/uploads\\\/2025\\\/01\\\/20250114_offrenum_header.jpg\",\"width\":1800,\"height\":400,\"caption\":\"Acc\u00e8s \u00e0 la plateforme de livres num\u00e9riques eLectures de la BCU Lausanne.\"},{\"@type\":\"BreadcrumbList\",\"@id\":\"https:\\\/\\\/www.bcu-lausanne.ch\\\/en\\\/bibliotheque-numerique\\\/#breadcrumb\",\"itemListElement\":[{\"@type\":\"ListItem\",\"position\":1,\"name\":\"Accueil\",\"item\":\"https:\\\/\\\/www.bcu-lausanne.ch\\\/en\\\/\"},{\"@type\":\"ListItem\",\"position\":2,\"name\":\"Digital resources\"}]},{\"@type\":\"WebSite\",\"@id\":\"https:\\\/\\\/www.bcu-lausanne.ch\\\/#website\",\"url\":\"https:\\\/\\\/www.bcu-lausanne.ch\\\/\",\"name\":\"BCUL\",\"description\":\"Biblioth\u00e8que cantonale et universitaire - Lausanne\",\"publisher\":{\"@id\":\"https:\\\/\\\/www.bcu-lausanne.ch\\\/#organization\"},\"potentialAction\":[{\"@type\":\"SearchAction\",\"target\":{\"@type\":\"EntryPoint\",\"urlTemplate\":\"https:\\\/\\\/www.bcu-lausanne.ch\\\/?s={search_term_string}\"},\"query-input\":{\"@type\":\"PropertyValueSpecification\",\"valueRequired\":true,\"valueName\":\"search_term_string\"}}],\"inLanguage\":\"en-US\"},{\"@type\":\"Organization\",\"@id\":\"https:\\\/\\\/www.bcu-lausanne.ch\\\/#organization\",\"name\":\"BCU Lausanne\",\"url\":\"https:\\\/\\\/www.bcu-lausanne.ch\\\/\",\"logo\":{\"@type\":\"ImageObject\",\"inLanguage\":\"en-US\",\"@id\":\"https:\\\/\\\/www.bcu-lausanne.ch\\\/#\\\/schema\\\/logo\\\/image\\\/\",\"url\":\"https:\\\/\\\/www.bcu-lausanne.ch\\\/wp-content\\\/uploads\\\/2020\\\/05\\\/bcul-logo-rvb.png\",\"contentUrl\":\"https:\\\/\\\/www.bcu-lausanne.ch\\\/wp-content\\\/uploads\\\/2020\\\/05\\\/bcul-logo-rvb.png\",\"width\":1535,\"height\":1181,\"caption\":\"BCU Lausanne\"},\"image\":{\"@id\":\"https:\\\/\\\/www.bcu-lausanne.ch\\\/#\\\/schema\\\/logo\\\/image\\\/\"},\"sameAs\":[\"https:\\\/\\\/www.facebook.com\\\/BCULausanne\",\"https:\\\/\\\/x.com\\\/BCULausanne\",\"https:\\\/\\\/www.instagram.com\\\/bculausanne\\\/\",\"https:\\\/\\\/www.linkedin.com\\\/company\\\/bcu-lausanne\\\/\",\"https:\\\/\\\/www.youtube.com\\\/channel\\\/UCdk4ItiYuWBJBz6yZnOPaEw\"]}]}<\/script>\n<!-- \/ Yoast SEO plugin. -->","yoast_head_json":{"title":"Digital resources - BCUL","robots":{"index":"index","follow":"follow","max-snippet":"max-snippet:-1","max-image-preview":"max-image-preview:large","max-video-preview":"max-video-preview:-1"},"canonical":"https:\/\/www.bcu-lausanne.ch\/en\/bibliotheque-numerique\/","og_locale":"en_US","og_type":"article","og_title":"Digital resources - BCUL","og_url":"https:\/\/www.bcu-lausanne.ch\/en\/bibliotheque-numerique\/","og_site_name":"BCUL","article_publisher":"https:\/\/www.facebook.com\/BCULausanne","article_modified_time":"2025-06-19T09:16:32+00:00","og_image":[{"width":1800,"height":400,"url":"https:\/\/www.bcu-lausanne.ch\/wp-content\/uploads\/2025\/01\/20250114_offrenum_header.jpg","type":"image\/jpeg"}],"twitter_card":"summary_large_image","twitter_site":"@BCULausanne","twitter_misc":{"Est. reading time":"1 minute","Written by":"Simona Sala, Agence troisdeuxun, Aur\u00e9lie Terrier, Pauline Th\u00e9ry"},"schema":{"@context":"https:\/\/schema.org","@graph":[{"@type":"WebPage","@id":"https:\/\/www.bcu-lausanne.ch\/en\/bibliotheque-numerique\/","url":"https:\/\/www.bcu-lausanne.ch\/en\/bibliotheque-numerique\/","name":"Digital resources - BCUL","isPartOf":{"@id":"https:\/\/www.bcu-lausanne.ch\/#website"},"primaryImageOfPage":{"@id":"https:\/\/www.bcu-lausanne.ch\/en\/bibliotheque-numerique\/#primaryimage"},"image":{"@id":"https:\/\/www.bcu-lausanne.ch\/en\/bibliotheque-numerique\/#primaryimage"},"thumbnailUrl":"https:\/\/www.bcu-lausanne.ch\/wp-content\/uploads\/2025\/01\/20250114_offrenum_header.jpg","datePublished":"2024-07-02T15:06:10+00:00","dateModified":"2025-06-19T09:16:32+00:00","breadcrumb":{"@id":"https:\/\/www.bcu-lausanne.ch\/en\/bibliotheque-numerique\/#breadcrumb"},"inLanguage":"en-US","potentialAction":[{"@type":"ReadAction","target":["https:\/\/www.bcu-lausanne.ch\/en\/bibliotheque-numerique\/"]}]},{"@type":"ImageObject","inLanguage":"en-US","@id":"https:\/\/www.bcu-lausanne.ch\/en\/bibliotheque-numerique\/#primaryimage","url":"https:\/\/www.bcu-lausanne.ch\/wp-content\/uploads\/2025\/01\/20250114_offrenum_header.jpg","contentUrl":"https:\/\/www.bcu-lausanne.ch\/wp-content\/uploads\/2025\/01\/20250114_offrenum_header.jpg","width":1800,"height":400,"caption":"Acc\u00e8s \u00e0 la plateforme de livres num\u00e9riques eLectures de la BCU Lausanne."},{"@type":"BreadcrumbList","@id":"https:\/\/www.bcu-lausanne.ch\/en\/bibliotheque-numerique\/#breadcrumb","itemListElement":[{"@type":"ListItem","position":1,"name":"Accueil","item":"https:\/\/www.bcu-lausanne.ch\/en\/"},{"@type":"ListItem","position":2,"name":"Digital resources"}]},{"@type":"WebSite","@id":"https:\/\/www.bcu-lausanne.ch\/#website","url":"https:\/\/www.bcu-lausanne.ch\/","name":"BCUL","description":"Biblioth\u00e8que cantonale et universitaire - Lausanne","publisher":{"@id":"https:\/\/www.bcu-lausanne.ch\/#organization"},"potentialAction":[{"@type":"SearchAction","target":{"@type":"EntryPoint","urlTemplate":"https:\/\/www.bcu-lausanne.ch\/?s={search_term_string}"},"query-input":{"@type":"PropertyValueSpecification","valueRequired":true,"valueName":"search_term_string"}}],"inLanguage":"en-US"},{"@type":"Organization","@id":"https:\/\/www.bcu-lausanne.ch\/#organization","name":"BCU Lausanne","url":"https:\/\/www.bcu-lausanne.ch\/","logo":{"@type":"ImageObject","inLanguage":"en-US","@id":"https:\/\/www.bcu-lausanne.ch\/#\/schema\/logo\/image\/","url":"https:\/\/www.bcu-lausanne.ch\/wp-content\/uploads\/2020\/05\/bcul-logo-rvb.png","contentUrl":"https:\/\/www.bcu-lausanne.ch\/wp-content\/uploads\/2020\/05\/bcul-logo-rvb.png","width":1535,"height":1181,"caption":"BCU Lausanne"},"image":{"@id":"https:\/\/www.bcu-lausanne.ch\/#\/schema\/logo\/image\/"},"sameAs":["https:\/\/www.facebook.com\/BCULausanne","https:\/\/x.com\/BCULausanne","https:\/\/www.instagram.com\/bculausanne\/","https:\/\/www.linkedin.com\/company\/bcu-lausanne\/","https:\/\/www.youtube.com\/channel\/UCdk4ItiYuWBJBz6yZnOPaEw"]}]}},"_links":{"self":[{"href":"https:\/\/www.bcu-lausanne.ch\/en\/wp-json\/wp\/v2\/pages\/38834","targetHints":{"allow":["GET"]}}],"collection":[{"href":"https:\/\/www.bcu-lausanne.ch\/en\/wp-json\/wp\/v2\/pages"}],"about":[{"href":"https:\/\/www.bcu-lausanne.ch\/en\/wp-json\/wp\/v2\/types\/page"}],"author":[{"embeddable":true,"href":"https:\/\/www.bcu-lausanne.ch\/en\/wp-json\/wp\/v2\/users\/1"}],"replies":[{"embeddable":true,"href":"https:\/\/www.bcu-lausanne.ch\/en\/wp-json\/wp\/v2\/comments?post=38834"}],"version-history":[{"count":10,"href":"https:\/\/www.bcu-lausanne.ch\/en\/wp-json\/wp\/v2\/pages\/38834\/revisions"}],"predecessor-version":[{"id":40557,"href":"https:\/\/www.bcu-lausanne.ch\/en\/wp-json\/wp\/v2\/pages\/38834\/revisions\/40557"}],"wp:featuredmedia":[{"embeddable":true,"href":"https:\/\/www.bcu-lausanne.ch\/en\/wp-json\/wp\/v2\/media\/38721"}],"wp:attachment":[{"href":"https:\/\/www.bcu-lausanne.ch\/en\/wp-json\/wp\/v2\/media?parent=38834"}],"wp:term":[{"taxonomy":"author","embeddable":true,"href":"https:\/\/www.bcu-lausanne.ch\/en\/wp-json\/wp\/v2\/coauthors?post=38834"}],"curies":[{"name":"wp","href":"https:\/\/api.w.org\/{rel}","templated":true}]}}