{"id":26873,"date":"2021-10-11T13:42:49","date_gmt":"2021-10-11T11:42:49","guid":{"rendered":"https:\/\/www.bcu-lausanne.ch\/offre-gratuite-a-distance\/"},"modified":"2025-11-06T11:07:56","modified_gmt":"2025-11-06T10:07:56","slug":"offre-gratuite-a-distance","status":"publish","type":"page","link":"https:\/\/www.bcu-lausanne.ch\/en\/offre-gratuite-a-distance\/","title":{"rendered":"Free remote services"},"content":{"rendered":"","protected":false},"excerpt":{"rendered":"","protected":false},"author":32,"featured_media":23002,"parent":0,"menu_order":0,"comment_status":"closed","ping_status":"closed","template":"template-tools.php","meta":{"_acf_changed":false,"_oasis_is_in_workflow":0,"_oasis_original":0,"_oasis_task_priority":"","footnotes":""},"coauthors":[628,1238],"class_list":["post-26873","page","type-page","status-publish","has-post-thumbnail","hentry"],"acf":[],"yoast_head":"<!-- This site is optimized with the Yoast SEO plugin v27.0 - https:\/\/yoast.com\/product\/yoast-seo-wordpress\/ -->\n<title>Free remote services - BCUL<\/title>\n<meta name=\"description\" content=\"La BCUL offre \u00e0 ses usagers des ressources \u00e0 distance gratuites de pr\u00eats de ebooks, de livres audios, de formations et de streaming vid\u00e9o.\" \/>\n<meta name=\"robots\" content=\"index, follow, max-snippet:-1, max-image-preview:large, max-video-preview:-1\" \/>\n<link rel=\"canonical\" href=\"https:\/\/www.bcu-lausanne.ch\/en\/offre-gratuite-a-distance\/\" \/>\n<meta property=\"og:locale\" content=\"en_US\" \/>\n<meta property=\"og:type\" content=\"article\" \/>\n<meta property=\"og:title\" content=\"Free remote services - BCUL\" \/>\n<meta property=\"og:description\" content=\"La BCUL offre \u00e0 ses usagers des ressources \u00e0 distance gratuites de pr\u00eats de ebooks, de livres audios, de formations et de streaming vid\u00e9o.\" \/>\n<meta property=\"og:url\" content=\"https:\/\/www.bcu-lausanne.ch\/en\/offre-gratuite-a-distance\/\" \/>\n<meta property=\"og:site_name\" content=\"BCUL\" \/>\n<meta property=\"article:publisher\" content=\"https:\/\/www.facebook.com\/BCULausanne\" \/>\n<meta property=\"article:modified_time\" content=\"2025-11-06T10:07:56+00:00\" \/>\n<meta property=\"og:image\" content=\"https:\/\/www.bcu-lausanne.ch\/wp-content\/uploads\/2021\/11\/offre_gratuite_header_1800x400.jpg\" \/>\n\t<meta property=\"og:image:width\" content=\"1800\" \/>\n\t<meta property=\"og:image:height\" content=\"400\" \/>\n\t<meta property=\"og:image:type\" content=\"image\/jpeg\" \/>\n<meta name=\"twitter:card\" content=\"summary_large_image\" \/>\n<meta name=\"twitter:site\" content=\"@BCULausanne\" \/>\n<meta name=\"twitter:label1\" content=\"Est. reading time\" \/>\n\t<meta name=\"twitter:data1\" content=\"1 minute\" \/>\n\t<meta name=\"twitter:label2\" content=\"Written by\" \/>\n\t<meta name=\"twitter:data2\" content=\"Christophe Bezen\u00e7on, Emile Joudi\u00e9\" \/>\n<script type=\"application\/ld+json\" class=\"yoast-schema-graph\">{\"@context\":\"https:\/\/schema.org\",\"@graph\":[{\"@type\":\"WebPage\",\"@id\":\"https:\/\/www.bcu-lausanne.ch\/en\/offre-gratuite-a-distance\/\",\"url\":\"https:\/\/www.bcu-lausanne.ch\/en\/offre-gratuite-a-distance\/\",\"name\":\"Free remote services - BCUL\",\"isPartOf\":{\"@id\":\"https:\/\/www.bcu-lausanne.ch\/#website\"},\"primaryImageOfPage\":{\"@id\":\"https:\/\/www.bcu-lausanne.ch\/en\/offre-gratuite-a-distance\/#primaryimage\"},\"image\":{\"@id\":\"https:\/\/www.bcu-lausanne.ch\/en\/offre-gratuite-a-distance\/#primaryimage\"},\"thumbnailUrl\":\"https:\/\/www.bcu-lausanne.ch\/wp-content\/uploads\/2021\/11\/offre_gratuite_header_1800x400.jpg\",\"datePublished\":\"2021-10-11T11:42:49+00:00\",\"dateModified\":\"2025-11-06T10:07:56+00:00\",\"description\":\"La BCUL offre \u00e0 ses usagers des ressources \u00e0 distance gratuites de pr\u00eats de ebooks, de livres audios, de formations et de streaming vid\u00e9o.\",\"breadcrumb\":{\"@id\":\"https:\/\/www.bcu-lausanne.ch\/en\/offre-gratuite-a-distance\/#breadcrumb\"},\"inLanguage\":\"en-US\",\"potentialAction\":[{\"@type\":\"ReadAction\",\"target\":[\"https:\/\/www.bcu-lausanne.ch\/en\/offre-gratuite-a-distance\/\"]}]},{\"@type\":\"ImageObject\",\"inLanguage\":\"en-US\",\"@id\":\"https:\/\/www.bcu-lausanne.ch\/en\/offre-gratuite-a-distance\/#primaryimage\",\"url\":\"https:\/\/www.bcu-lausanne.ch\/wp-content\/uploads\/2021\/11\/offre_gratuite_header_1800x400.jpg\",\"contentUrl\":\"https:\/\/www.bcu-lausanne.ch\/wp-content\/uploads\/2021\/11\/offre_gratuite_header_1800x400.jpg\",\"width\":1800,\"height\":400,\"caption\":\"Muriel Lagrive lit sur le quai du metro au moyen de la liseuse Kindle DX.\"},{\"@type\":\"BreadcrumbList\",\"@id\":\"https:\/\/www.bcu-lausanne.ch\/en\/offre-gratuite-a-distance\/#breadcrumb\",\"itemListElement\":[{\"@type\":\"ListItem\",\"position\":1,\"name\":\"Accueil\",\"item\":\"https:\/\/www.bcu-lausanne.ch\/en\/\"},{\"@type\":\"ListItem\",\"position\":2,\"name\":\"Free remote services\"}]},{\"@type\":\"WebSite\",\"@id\":\"https:\/\/www.bcu-lausanne.ch\/#website\",\"url\":\"https:\/\/www.bcu-lausanne.ch\/\",\"name\":\"BCUL\",\"description\":\"Biblioth\u00e8que cantonale et universitaire - Lausanne\",\"publisher\":{\"@id\":\"https:\/\/www.bcu-lausanne.ch\/#organization\"},\"potentialAction\":[{\"@type\":\"SearchAction\",\"target\":{\"@type\":\"EntryPoint\",\"urlTemplate\":\"https:\/\/www.bcu-lausanne.ch\/?s={search_term_string}\"},\"query-input\":{\"@type\":\"PropertyValueSpecification\",\"valueRequired\":true,\"valueName\":\"search_term_string\"}}],\"inLanguage\":\"en-US\"},{\"@type\":\"Organization\",\"@id\":\"https:\/\/www.bcu-lausanne.ch\/#organization\",\"name\":\"BCU Lausanne\",\"url\":\"https:\/\/www.bcu-lausanne.ch\/\",\"logo\":{\"@type\":\"ImageObject\",\"inLanguage\":\"en-US\",\"@id\":\"https:\/\/www.bcu-lausanne.ch\/#\/schema\/logo\/image\/\",\"url\":\"https:\/\/www.bcu-lausanne.ch\/wp-content\/uploads\/2020\/05\/bcul-logo-rvb.png\",\"contentUrl\":\"https:\/\/www.bcu-lausanne.ch\/wp-content\/uploads\/2020\/05\/bcul-logo-rvb.png\",\"width\":1535,\"height\":1181,\"caption\":\"BCU Lausanne\"},\"image\":{\"@id\":\"https:\/\/www.bcu-lausanne.ch\/#\/schema\/logo\/image\/\"},\"sameAs\":[\"https:\/\/www.facebook.com\/BCULausanne\",\"https:\/\/x.com\/BCULausanne\",\"https:\/\/www.instagram.com\/bculausanne\/\",\"https:\/\/www.linkedin.com\/company\/bcu-lausanne\/\",\"https:\/\/www.youtube.com\/channel\/UCdk4ItiYuWBJBz6yZnOPaEw\"]}]}<\/script>\n<!-- \/ Yoast SEO plugin. -->","yoast_head_json":{"title":"Free remote services - BCUL","description":"La BCUL offre \u00e0 ses usagers des ressources \u00e0 distance gratuites de pr\u00eats de ebooks, de livres audios, de formations et de streaming vid\u00e9o.","robots":{"index":"index","follow":"follow","max-snippet":"max-snippet:-1","max-image-preview":"max-image-preview:large","max-video-preview":"max-video-preview:-1"},"canonical":"https:\/\/www.bcu-lausanne.ch\/en\/offre-gratuite-a-distance\/","og_locale":"en_US","og_type":"article","og_title":"Free remote services - BCUL","og_description":"La BCUL offre \u00e0 ses usagers des ressources \u00e0 distance gratuites de pr\u00eats de ebooks, de livres audios, de formations et de streaming vid\u00e9o.","og_url":"https:\/\/www.bcu-lausanne.ch\/en\/offre-gratuite-a-distance\/","og_site_name":"BCUL","article_publisher":"https:\/\/www.facebook.com\/BCULausanne","article_modified_time":"2025-11-06T10:07:56+00:00","og_image":[{"width":1800,"height":400,"url":"https:\/\/www.bcu-lausanne.ch\/wp-content\/uploads\/2021\/11\/offre_gratuite_header_1800x400.jpg","type":"image\/jpeg"}],"twitter_card":"summary_large_image","twitter_site":"@BCULausanne","twitter_misc":{"Est. reading time":"1 minute","Written by":"Christophe Bezen\u00e7on, Emile Joudi\u00e9"},"schema":{"@context":"https:\/\/schema.org","@graph":[{"@type":"WebPage","@id":"https:\/\/www.bcu-lausanne.ch\/en\/offre-gratuite-a-distance\/","url":"https:\/\/www.bcu-lausanne.ch\/en\/offre-gratuite-a-distance\/","name":"Free remote services - BCUL","isPartOf":{"@id":"https:\/\/www.bcu-lausanne.ch\/#website"},"primaryImageOfPage":{"@id":"https:\/\/www.bcu-lausanne.ch\/en\/offre-gratuite-a-distance\/#primaryimage"},"image":{"@id":"https:\/\/www.bcu-lausanne.ch\/en\/offre-gratuite-a-distance\/#primaryimage"},"thumbnailUrl":"https:\/\/www.bcu-lausanne.ch\/wp-content\/uploads\/2021\/11\/offre_gratuite_header_1800x400.jpg","datePublished":"2021-10-11T11:42:49+00:00","dateModified":"2025-11-06T10:07:56+00:00","description":"La BCUL offre \u00e0 ses usagers des ressources \u00e0 distance gratuites de pr\u00eats de ebooks, de livres audios, de formations et de streaming vid\u00e9o.","breadcrumb":{"@id":"https:\/\/www.bcu-lausanne.ch\/en\/offre-gratuite-a-distance\/#breadcrumb"},"inLanguage":"en-US","potentialAction":[{"@type":"ReadAction","target":["https:\/\/www.bcu-lausanne.ch\/en\/offre-gratuite-a-distance\/"]}]},{"@type":"ImageObject","inLanguage":"en-US","@id":"https:\/\/www.bcu-lausanne.ch\/en\/offre-gratuite-a-distance\/#primaryimage","url":"https:\/\/www.bcu-lausanne.ch\/wp-content\/uploads\/2021\/11\/offre_gratuite_header_1800x400.jpg","contentUrl":"https:\/\/www.bcu-lausanne.ch\/wp-content\/uploads\/2021\/11\/offre_gratuite_header_1800x400.jpg","width":1800,"height":400,"caption":"Muriel Lagrive lit sur le quai du metro au moyen de la liseuse Kindle DX."},{"@type":"BreadcrumbList","@id":"https:\/\/www.bcu-lausanne.ch\/en\/offre-gratuite-a-distance\/#breadcrumb","itemListElement":[{"@type":"ListItem","position":1,"name":"Accueil","item":"https:\/\/www.bcu-lausanne.ch\/en\/"},{"@type":"ListItem","position":2,"name":"Free remote services"}]},{"@type":"WebSite","@id":"https:\/\/www.bcu-lausanne.ch\/#website","url":"https:\/\/www.bcu-lausanne.ch\/","name":"BCUL","description":"Biblioth\u00e8que cantonale et universitaire - Lausanne","publisher":{"@id":"https:\/\/www.bcu-lausanne.ch\/#organization"},"potentialAction":[{"@type":"SearchAction","target":{"@type":"EntryPoint","urlTemplate":"https:\/\/www.bcu-lausanne.ch\/?s={search_term_string}"},"query-input":{"@type":"PropertyValueSpecification","valueRequired":true,"valueName":"search_term_string"}}],"inLanguage":"en-US"},{"@type":"Organization","@id":"https:\/\/www.bcu-lausanne.ch\/#organization","name":"BCU Lausanne","url":"https:\/\/www.bcu-lausanne.ch\/","logo":{"@type":"ImageObject","inLanguage":"en-US","@id":"https:\/\/www.bcu-lausanne.ch\/#\/schema\/logo\/image\/","url":"https:\/\/www.bcu-lausanne.ch\/wp-content\/uploads\/2020\/05\/bcul-logo-rvb.png","contentUrl":"https:\/\/www.bcu-lausanne.ch\/wp-content\/uploads\/2020\/05\/bcul-logo-rvb.png","width":1535,"height":1181,"caption":"BCU Lausanne"},"image":{"@id":"https:\/\/www.bcu-lausanne.ch\/#\/schema\/logo\/image\/"},"sameAs":["https:\/\/www.facebook.com\/BCULausanne","https:\/\/x.com\/BCULausanne","https:\/\/www.instagram.com\/bculausanne\/","https:\/\/www.linkedin.com\/company\/bcu-lausanne\/","https:\/\/www.youtube.com\/channel\/UCdk4ItiYuWBJBz6yZnOPaEw"]}]}},"_links":{"self":[{"href":"https:\/\/www.bcu-lausanne.ch\/en\/wp-json\/wp\/v2\/pages\/26873","targetHints":{"allow":["GET"]}}],"collection":[{"href":"https:\/\/www.bcu-lausanne.ch\/en\/wp-json\/wp\/v2\/pages"}],"about":[{"href":"https:\/\/www.bcu-lausanne.ch\/en\/wp-json\/wp\/v2\/types\/page"}],"author":[{"embeddable":true,"href":"https:\/\/www.bcu-lausanne.ch\/en\/wp-json\/wp\/v2\/users\/32"}],"replies":[{"embeddable":true,"href":"https:\/\/www.bcu-lausanne.ch\/en\/wp-json\/wp\/v2\/comments?post=26873"}],"version-history":[{"count":10,"href":"https:\/\/www.bcu-lausanne.ch\/en\/wp-json\/wp\/v2\/pages\/26873\/revisions"}],"predecessor-version":[{"id":42234,"href":"https:\/\/www.bcu-lausanne.ch\/en\/wp-json\/wp\/v2\/pages\/26873\/revisions\/42234"}],"wp:featuredmedia":[{"embeddable":true,"href":"https:\/\/www.bcu-lausanne.ch\/en\/wp-json\/wp\/v2\/media\/23002"}],"wp:attachment":[{"href":"https:\/\/www.bcu-lausanne.ch\/en\/wp-json\/wp\/v2\/media?parent=26873"}],"wp:term":[{"taxonomy":"author","embeddable":true,"href":"https:\/\/www.bcu-lausanne.ch\/en\/wp-json\/wp\/v2\/coauthors?post=26873"}],"curies":[{"name":"wp","href":"https:\/\/api.w.org\/{rel}","templated":true}]}}