{"id":24687,"date":"2020-05-25T15:24:30","date_gmt":"2020-05-25T13:24:30","guid":{"rendered":"https:\/\/www.bcu-lausanne.ch\/extensionunitheque\/"},"modified":"2025-12-18T09:19:03","modified_gmt":"2025-12-18T08:19:03","slug":"extensionunitheque","status":"publish","type":"page","link":"https:\/\/www.bcu-lausanne.ch\/en\/extensionunitheque\/","title":{"rendered":"Extension of the Unith\u00e8que\u00a0"},"content":{"rendered":"\n<p><strong>Availability of services<\/strong><\/p>\n\n\n\n<p>During the construction work, collections and services remain available, as well as workspaces\u2014although their number is slightly reduced.<\/p>\n\n\n\n<p>At present, the construction site has a strong impact on document processing, which may cause delays in the availability of <em>new acquisitions<\/em>.<\/p>\n\n\n\n<p>We therefore encourage you to submit purchase suggestions and semester reference requests in advance. These requests can be submitted via the <a href=\"https:\/\/www.bcu-lausanne.ch\/en\/contact\/\" target=\"_blank\" rel=\"noreferrer noopener\">suggest a purchase<\/a> form on the BCUL website or by contacting the specialized librarians for <a href=\"https:\/\/www.bcu-lausanne.ch\/en\/collections-and-heritage\/\" target=\"_blank\" rel=\"noreferrer noopener\">our collections<\/a> directly.<\/p>\n\n\n\n<hr class=\"wp-block-separator has-alpha-channel-opacity\"\/>\n\n\n\n<p><strong>Significant noise disturbances expected until the end of January<\/strong><\/p>\n\n\n\n<p>The construction site will be closed from 20 December to 4 January. The opening hours of the Unith\u00e8que site during this period are available <a href=\"https:\/\/www.bcu-lausanne.ch\/en\/timetables\/#site-6248\" target=\"_blank\" rel=\"noreferrer noopener\">on our website<\/a>.<\/p>\n\n\n\n<p>The other BCUL sites remain open, and several UNIL building halls have also been equipped. Below is a list of these spaces:<\/p>\n\n\n\n<ul class=\"wp-block-list\">\n<li>BCUL Internef site<\/li>\n\n\n\n<li>BCUL Riponne site<\/li>\n\n\n\n<li>Anthropole Cafeteria<\/li>\n\n\n\n<li>Amphimax Cafeteria, including the upper floors, which provide <em>tables for study<\/em> between classrooms<\/li>\n\n\n\n<li>La Cabanane, outside meal hours<\/li>\n\n\n\n<li>G\u00e9opolis, the Earth Sciences Library<\/li>\n<\/ul>\n\n\n\n<p>With more limited opening hours but still accessible:<\/p>\n\n\n\n<ul class=\"wp-block-list\">\n<li>BCUL HEP site<\/li>\n\n\n\n<li>BCUL Renens site<\/li>\n\n\n\n<li>BCUL Provence site<\/li>\n\n\n\n<li>BCUL Crissier site<\/li>\n<\/ul>\n\n\n\n<p>The holiday season opening hours for all our sites can be found <a href=\"https:\/\/www.bcu-lausanne.ch\/en\/timetables\/\">on our website<\/a>.<\/p>\n\n\n\n<p>Thank you for your understanding.<\/p>\n\n\n\n<hr class=\"wp-block-separator has-alpha-channel-opacity\"\/>\n\n\n\n<p><strong>Moving of the Unith\u00e8que site entrance<\/strong><\/p>\n\n\n\n<p>The temporary entrance to the Unith\u00e8que site is located on the west side of the building (for people with reduced mobility as well).<\/p>\n\n\n\n<figure class=\"wp-block-image size-large\"><img loading=\"lazy\" decoding=\"async\" width=\"1024\" height=\"586\" src=\"https:\/\/www.bcu-lausanne.ch\/wp-content\/uploads\/2025\/07\/20250717_entreeprovisoire_1080x617-1024x586.png\" alt=\"An image showing the physical location of the temporary entrance.\" class=\"wp-image-41146\" srcset=\"https:\/\/www.bcu-lausanne.ch\/wp-content\/uploads\/2025\/07\/20250717_entreeprovisoire_1080x617-1024x586.png 1024w, https:\/\/www.bcu-lausanne.ch\/wp-content\/uploads\/2025\/07\/20250717_entreeprovisoire_1080x617-300x172.png 300w, https:\/\/www.bcu-lausanne.ch\/wp-content\/uploads\/2025\/07\/20250717_entreeprovisoire_1080x617-768x439.png 768w, https:\/\/www.bcu-lausanne.ch\/wp-content\/uploads\/2025\/07\/20250717_entreeprovisoire_1080x617-600x343.png 600w, https:\/\/www.bcu-lausanne.ch\/wp-content\/uploads\/2025\/07\/20250717_entreeprovisoire_1080x617.png 1080w\" sizes=\"auto, (max-width: 1024px) 100vw, 1024px\" \/><\/figure>\n\n\n\n<p>The entire library, its services, and workspaces are located in the extension during the renovation of the original building. UNIL will periodically provide additional workspaces.<\/p>\n\n\n\n<p>The entire Unith\u00e8que team is actively working to make this process as smooth as possible and to minimize disruptions for our valuable academic community. Do not hesitate to contact our teams for any questions or assistance: <a href=\"https:\/\/question.bcu-lausanne.ch\/\" target=\"_blank\" rel=\"noreferrer noopener\">https:\/\/question.bcu-lausanne.ch\/<\/a>.&nbsp;<\/p>\n\n\n\n<hr class=\"wp-block-separator has-alpha-channel-opacity\"\/>\n\n\n\n<p>Started in 2020, the extension of the Unith\u00e8que continues and, like any construction site, causes noise. The intensity of these inconveniences varies according to the nature of the work in progress. The BCUL thanks the users for their understanding.&nbsp;&nbsp;<\/p>\n\n\n\n<p>This page will indicate any change of schedules or services related to the works. The changes are also indicated by posters in the Unith\u00e8que.&nbsp;&nbsp;<\/p>\n\n\n\n<p><strong>Please note that on certain dates, the noise pollution might be significant!<\/strong>&nbsp;<strong>We apologize for the inconvenience.<\/strong><\/p>\n\n\n\n<p>The extension of the Unith\u00e8que will offer many advantages:&nbsp;<\/p>\n\n\n\n<ul class=\"wp-block-list\">\n<li>more documents in open access&nbsp;<\/li>\n\n\n\n<li>more work places&nbsp;<\/li>\n\n\n\n<li>rooms adapted to groups&nbsp;<\/li>\n\n\n\n<li>renewed services&nbsp;&nbsp;<\/li>\n<\/ul>\n\n\n\n<p>Designed by the architectural firm Fruehauf Henry &amp; Viladoms, the new building will integrate naturally into its environment while respecting the original building.&nbsp;<\/p>\n\n\n\n<p>More information on <a href=\"https:\/\/www.unil.ch\/unil\/fr\/home\/menuinst\/universite\/organisation-universite\/unites-et-services\/unibat\/projets-architecturaux-et-techniques.html\" target=\"_blank\" rel=\"noreferrer noopener\">the UNIL page<\/a>.&nbsp;<\/p>\n\n\n\n<figure class=\"wp-block-embed aligncenter is-type-video is-provider-youtube wp-block-embed-youtube wp-embed-aspect-16-9 wp-has-aspect-ratio\"><div class=\"wp-block-embed__wrapper\">\n<iframe loading=\"lazy\" title=\"Extension de l&#039;Unith\u00e8que, d\u00e9m\u00e9nagement des collections. Film complet.\" width=\"500\" height=\"281\" src=\"https:\/\/www.youtube.com\/embed\/RUtWaRWfRYw?feature=oembed\" frameborder=\"0\" allow=\"accelerometer; autoplay; clipboard-write; encrypted-media; gyroscope; picture-in-picture; web-share\" referrerpolicy=\"strict-origin-when-cross-origin\" allowfullscreen><\/iframe>\n<\/div><\/figure>\n","protected":false},"excerpt":{"rendered":"<p>Availability of services During the construction work, collections and services remain available, as well as workspaces\u2014although their number is slightly reduced. At present, the construction site has a strong impact on document processing, which may cause delays in the availability of new acquisitions. We therefore encourage you to submit purchase suggestions and semester reference requests [&hellip;]<\/p>\n","protected":false},"author":99,"featured_media":0,"parent":0,"menu_order":0,"comment_status":"closed","ping_status":"closed","template":"","meta":{"_acf_changed":false,"_oasis_is_in_workflow":0,"_oasis_original":0,"_oasis_task_priority":"","footnotes":""},"coauthors":[1238],"class_list":["post-24687","page","type-page","status-publish","hentry"],"acf":[],"yoast_head":"<!-- This site is optimized with the Yoast SEO plugin v27.0 - https:\/\/yoast.com\/product\/yoast-seo-wordpress\/ -->\n<title>Extension of the Unith\u00e8que\u00a0 - BCUL<\/title>\n<meta name=\"robots\" content=\"index, follow, max-snippet:-1, max-image-preview:large, max-video-preview:-1\" \/>\n<link rel=\"canonical\" href=\"https:\/\/www.bcu-lausanne.ch\/en\/extensionunitheque\/\" \/>\n<meta property=\"og:locale\" content=\"en_US\" \/>\n<meta property=\"og:type\" content=\"article\" \/>\n<meta property=\"og:title\" content=\"Extension of the Unith\u00e8que\u00a0 - BCUL\" \/>\n<meta property=\"og:description\" content=\"Availability of services During the construction work, collections and services remain available, as well as workspaces\u2014although their number is slightly reduced. At present, the construction site has a strong impact on document processing, which may cause delays in the availability of new acquisitions. We therefore encourage you to submit purchase suggestions and semester reference requests [&hellip;]\" \/>\n<meta property=\"og:url\" content=\"https:\/\/www.bcu-lausanne.ch\/en\/extensionunitheque\/\" \/>\n<meta property=\"og:site_name\" content=\"BCUL\" \/>\n<meta property=\"article:publisher\" content=\"https:\/\/www.facebook.com\/BCULausanne\" \/>\n<meta property=\"article:modified_time\" content=\"2025-12-18T08:19:03+00:00\" \/>\n<meta property=\"og:image\" content=\"https:\/\/www.bcu-lausanne.ch\/wp-content\/uploads\/2025\/07\/20250717_entreeprovisoire_1080x617.png\" \/>\n\t<meta property=\"og:image:width\" content=\"1080\" \/>\n\t<meta property=\"og:image:height\" content=\"618\" \/>\n\t<meta property=\"og:image:type\" content=\"image\/png\" \/>\n<meta name=\"twitter:card\" content=\"summary_large_image\" \/>\n<meta name=\"twitter:site\" content=\"@BCULausanne\" \/>\n<meta name=\"twitter:label1\" content=\"Est. reading time\" \/>\n\t<meta name=\"twitter:data1\" content=\"3 minutes\" \/>\n\t<meta name=\"twitter:label2\" content=\"Written by\" \/>\n\t<meta name=\"twitter:data2\" content=\"Emile Joudi\u00e9\" \/>\n<script type=\"application\/ld+json\" class=\"yoast-schema-graph\">{\"@context\":\"https:\/\/schema.org\",\"@graph\":[{\"@type\":\"WebPage\",\"@id\":\"https:\/\/www.bcu-lausanne.ch\/en\/extensionunitheque\/\",\"url\":\"https:\/\/www.bcu-lausanne.ch\/en\/extensionunitheque\/\",\"name\":\"Extension of the Unith\u00e8que\u00a0 - BCUL\",\"isPartOf\":{\"@id\":\"https:\/\/www.bcu-lausanne.ch\/#website\"},\"primaryImageOfPage\":{\"@id\":\"https:\/\/www.bcu-lausanne.ch\/en\/extensionunitheque\/#primaryimage\"},\"image\":{\"@id\":\"https:\/\/www.bcu-lausanne.ch\/en\/extensionunitheque\/#primaryimage\"},\"thumbnailUrl\":\"https:\/\/www.bcu-lausanne.ch\/wp-content\/uploads\/2025\/07\/20250717_entreeprovisoire_1080x617-1024x586.png\",\"datePublished\":\"2020-05-25T13:24:30+00:00\",\"dateModified\":\"2025-12-18T08:19:03+00:00\",\"breadcrumb\":{\"@id\":\"https:\/\/www.bcu-lausanne.ch\/en\/extensionunitheque\/#breadcrumb\"},\"inLanguage\":\"en-US\",\"potentialAction\":[{\"@type\":\"ReadAction\",\"target\":[\"https:\/\/www.bcu-lausanne.ch\/en\/extensionunitheque\/\"]}]},{\"@type\":\"ImageObject\",\"inLanguage\":\"en-US\",\"@id\":\"https:\/\/www.bcu-lausanne.ch\/en\/extensionunitheque\/#primaryimage\",\"url\":\"https:\/\/www.bcu-lausanne.ch\/wp-content\/uploads\/2025\/07\/20250717_entreeprovisoire_1080x617-1024x586.png\",\"contentUrl\":\"https:\/\/www.bcu-lausanne.ch\/wp-content\/uploads\/2025\/07\/20250717_entreeprovisoire_1080x617-1024x586.png\"},{\"@type\":\"BreadcrumbList\",\"@id\":\"https:\/\/www.bcu-lausanne.ch\/en\/extensionunitheque\/#breadcrumb\",\"itemListElement\":[{\"@type\":\"ListItem\",\"position\":1,\"name\":\"Accueil\",\"item\":\"https:\/\/www.bcu-lausanne.ch\/en\/\"},{\"@type\":\"ListItem\",\"position\":2,\"name\":\"Extension of the Unith\u00e8que\u00a0\"}]},{\"@type\":\"WebSite\",\"@id\":\"https:\/\/www.bcu-lausanne.ch\/#website\",\"url\":\"https:\/\/www.bcu-lausanne.ch\/\",\"name\":\"BCUL\",\"description\":\"Biblioth\u00e8que cantonale et universitaire - Lausanne\",\"publisher\":{\"@id\":\"https:\/\/www.bcu-lausanne.ch\/#organization\"},\"potentialAction\":[{\"@type\":\"SearchAction\",\"target\":{\"@type\":\"EntryPoint\",\"urlTemplate\":\"https:\/\/www.bcu-lausanne.ch\/?s={search_term_string}\"},\"query-input\":{\"@type\":\"PropertyValueSpecification\",\"valueRequired\":true,\"valueName\":\"search_term_string\"}}],\"inLanguage\":\"en-US\"},{\"@type\":\"Organization\",\"@id\":\"https:\/\/www.bcu-lausanne.ch\/#organization\",\"name\":\"BCU Lausanne\",\"url\":\"https:\/\/www.bcu-lausanne.ch\/\",\"logo\":{\"@type\":\"ImageObject\",\"inLanguage\":\"en-US\",\"@id\":\"https:\/\/www.bcu-lausanne.ch\/#\/schema\/logo\/image\/\",\"url\":\"https:\/\/www.bcu-lausanne.ch\/wp-content\/uploads\/2020\/05\/bcul-logo-rvb.png\",\"contentUrl\":\"https:\/\/www.bcu-lausanne.ch\/wp-content\/uploads\/2020\/05\/bcul-logo-rvb.png\",\"width\":1535,\"height\":1181,\"caption\":\"BCU Lausanne\"},\"image\":{\"@id\":\"https:\/\/www.bcu-lausanne.ch\/#\/schema\/logo\/image\/\"},\"sameAs\":[\"https:\/\/www.facebook.com\/BCULausanne\",\"https:\/\/x.com\/BCULausanne\",\"https:\/\/www.instagram.com\/bculausanne\/\",\"https:\/\/www.linkedin.com\/company\/bcu-lausanne\/\",\"https:\/\/www.youtube.com\/channel\/UCdk4ItiYuWBJBz6yZnOPaEw\"]}]}<\/script>\n<!-- \/ Yoast SEO plugin. -->","yoast_head_json":{"title":"Extension of the Unith\u00e8que\u00a0 - BCUL","robots":{"index":"index","follow":"follow","max-snippet":"max-snippet:-1","max-image-preview":"max-image-preview:large","max-video-preview":"max-video-preview:-1"},"canonical":"https:\/\/www.bcu-lausanne.ch\/en\/extensionunitheque\/","og_locale":"en_US","og_type":"article","og_title":"Extension of the Unith\u00e8que\u00a0 - BCUL","og_description":"Availability of services During the construction work, collections and services remain available, as well as workspaces\u2014although their number is slightly reduced. At present, the construction site has a strong impact on document processing, which may cause delays in the availability of new acquisitions. We therefore encourage you to submit purchase suggestions and semester reference requests [&hellip;]","og_url":"https:\/\/www.bcu-lausanne.ch\/en\/extensionunitheque\/","og_site_name":"BCUL","article_publisher":"https:\/\/www.facebook.com\/BCULausanne","article_modified_time":"2025-12-18T08:19:03+00:00","og_image":[{"width":1080,"height":618,"url":"https:\/\/www.bcu-lausanne.ch\/wp-content\/uploads\/2025\/07\/20250717_entreeprovisoire_1080x617.png","type":"image\/png"}],"twitter_card":"summary_large_image","twitter_site":"@BCULausanne","twitter_misc":{"Est. reading time":"3 minutes","Written by":"Emile Joudi\u00e9"},"schema":{"@context":"https:\/\/schema.org","@graph":[{"@type":"WebPage","@id":"https:\/\/www.bcu-lausanne.ch\/en\/extensionunitheque\/","url":"https:\/\/www.bcu-lausanne.ch\/en\/extensionunitheque\/","name":"Extension of the Unith\u00e8que\u00a0 - BCUL","isPartOf":{"@id":"https:\/\/www.bcu-lausanne.ch\/#website"},"primaryImageOfPage":{"@id":"https:\/\/www.bcu-lausanne.ch\/en\/extensionunitheque\/#primaryimage"},"image":{"@id":"https:\/\/www.bcu-lausanne.ch\/en\/extensionunitheque\/#primaryimage"},"thumbnailUrl":"https:\/\/www.bcu-lausanne.ch\/wp-content\/uploads\/2025\/07\/20250717_entreeprovisoire_1080x617-1024x586.png","datePublished":"2020-05-25T13:24:30+00:00","dateModified":"2025-12-18T08:19:03+00:00","breadcrumb":{"@id":"https:\/\/www.bcu-lausanne.ch\/en\/extensionunitheque\/#breadcrumb"},"inLanguage":"en-US","potentialAction":[{"@type":"ReadAction","target":["https:\/\/www.bcu-lausanne.ch\/en\/extensionunitheque\/"]}]},{"@type":"ImageObject","inLanguage":"en-US","@id":"https:\/\/www.bcu-lausanne.ch\/en\/extensionunitheque\/#primaryimage","url":"https:\/\/www.bcu-lausanne.ch\/wp-content\/uploads\/2025\/07\/20250717_entreeprovisoire_1080x617-1024x586.png","contentUrl":"https:\/\/www.bcu-lausanne.ch\/wp-content\/uploads\/2025\/07\/20250717_entreeprovisoire_1080x617-1024x586.png"},{"@type":"BreadcrumbList","@id":"https:\/\/www.bcu-lausanne.ch\/en\/extensionunitheque\/#breadcrumb","itemListElement":[{"@type":"ListItem","position":1,"name":"Accueil","item":"https:\/\/www.bcu-lausanne.ch\/en\/"},{"@type":"ListItem","position":2,"name":"Extension of the Unith\u00e8que\u00a0"}]},{"@type":"WebSite","@id":"https:\/\/www.bcu-lausanne.ch\/#website","url":"https:\/\/www.bcu-lausanne.ch\/","name":"BCUL","description":"Biblioth\u00e8que cantonale et universitaire - Lausanne","publisher":{"@id":"https:\/\/www.bcu-lausanne.ch\/#organization"},"potentialAction":[{"@type":"SearchAction","target":{"@type":"EntryPoint","urlTemplate":"https:\/\/www.bcu-lausanne.ch\/?s={search_term_string}"},"query-input":{"@type":"PropertyValueSpecification","valueRequired":true,"valueName":"search_term_string"}}],"inLanguage":"en-US"},{"@type":"Organization","@id":"https:\/\/www.bcu-lausanne.ch\/#organization","name":"BCU Lausanne","url":"https:\/\/www.bcu-lausanne.ch\/","logo":{"@type":"ImageObject","inLanguage":"en-US","@id":"https:\/\/www.bcu-lausanne.ch\/#\/schema\/logo\/image\/","url":"https:\/\/www.bcu-lausanne.ch\/wp-content\/uploads\/2020\/05\/bcul-logo-rvb.png","contentUrl":"https:\/\/www.bcu-lausanne.ch\/wp-content\/uploads\/2020\/05\/bcul-logo-rvb.png","width":1535,"height":1181,"caption":"BCU Lausanne"},"image":{"@id":"https:\/\/www.bcu-lausanne.ch\/#\/schema\/logo\/image\/"},"sameAs":["https:\/\/www.facebook.com\/BCULausanne","https:\/\/x.com\/BCULausanne","https:\/\/www.instagram.com\/bculausanne\/","https:\/\/www.linkedin.com\/company\/bcu-lausanne\/","https:\/\/www.youtube.com\/channel\/UCdk4ItiYuWBJBz6yZnOPaEw"]}]}},"_links":{"self":[{"href":"https:\/\/www.bcu-lausanne.ch\/en\/wp-json\/wp\/v2\/pages\/24687","targetHints":{"allow":["GET"]}}],"collection":[{"href":"https:\/\/www.bcu-lausanne.ch\/en\/wp-json\/wp\/v2\/pages"}],"about":[{"href":"https:\/\/www.bcu-lausanne.ch\/en\/wp-json\/wp\/v2\/types\/page"}],"author":[{"embeddable":true,"href":"https:\/\/www.bcu-lausanne.ch\/en\/wp-json\/wp\/v2\/users\/99"}],"replies":[{"embeddable":true,"href":"https:\/\/www.bcu-lausanne.ch\/en\/wp-json\/wp\/v2\/comments?post=24687"}],"version-history":[{"count":10,"href":"https:\/\/www.bcu-lausanne.ch\/en\/wp-json\/wp\/v2\/pages\/24687\/revisions"}],"predecessor-version":[{"id":42538,"href":"https:\/\/www.bcu-lausanne.ch\/en\/wp-json\/wp\/v2\/pages\/24687\/revisions\/42538"}],"wp:attachment":[{"href":"https:\/\/www.bcu-lausanne.ch\/en\/wp-json\/wp\/v2\/media?parent=24687"}],"wp:term":[{"taxonomy":"author","embeddable":true,"href":"https:\/\/www.bcu-lausanne.ch\/en\/wp-json\/wp\/v2\/coauthors?post=24687"}],"curies":[{"name":"wp","href":"https:\/\/api.w.org\/{rel}","templated":true}]}}