{"id":13681,"date":"2020-04-20T14:45:45","date_gmt":"2020-04-20T12:45:45","guid":{"rendered":"https:\/\/www.bcu-lausanne.ch\/bases-de-donneescinema\/"},"modified":"2025-06-19T11:13:13","modified_gmt":"2025-06-19T09:13:13","slug":"bases-de-donneescinema","status":"publish","type":"page","link":"https:\/\/www.bcu-lausanne.ch\/en\/bases-de-donneescinema\/","title":{"rendered":"Cinema databases"},"content":{"rendered":"\n<p><strong>Under license :<\/strong><\/p>\n\n<ul class=\"wp-block-list\"><li><a aria-label=\" (s&#x2019;ouvre dans un nouvel onglet)\" href=\"https:\/\/search.proquest.com\/screenstudies\" target=\"_blank\" rel=\"noreferrer noopener\"><strong>Screen Studies Collection <\/strong><\/a><strong> <\/strong>\/ 3 specialized databases :<ul><li><a aria-label=\" (s&#x2019;ouvre dans un nouvel onglet)\" href=\"http:\/\/search.proquest.com\/afi\" target=\"_blank\" rel=\"noreferrer noopener\">AFI Catalog \/ American Film Institute Catalog<\/a> &#8211; Filmographic and bibliographic data<\/li><li><a label=\" (opens in a new tab)\" href=\"https:\/\/www.proquest.com\/fiaf\/index\" target=\"_blank\" rel=\"noreferrer noopener\">FIAF International Index to Films Periodicals<\/a> &#8211; Bibliographic data, journal article search, full-text access to some 60 journals<\/li><li><a aria-label=\" (s&#x2019;ouvre dans un nouvel onglet)\" href=\"http:\/\/search.proquest.com\/fii\" target=\"_blank\" rel=\"noreferrer noopener\">Film Index International<\/a> &#8211; Filmographic, biographical and bibliographical data<\/li><\/ul><\/li><\/ul>\n\n<ul class=\"wp-block-list\"><li><a aria-label=\" (s&#x2019;ouvre dans un nouvel onglet)\" rel=\"noreferrer noopener\" href=\"http:\/\/www.oxfordbibliographies.com\/obo\/page\/cinema-and-media-studies\" target=\"_blank\">Oxford Bibliographies<\/a> &#8211; Encyclopaedic guide with annotated bibliographies<\/li><li><a href=\"http:\/\/search.ebscohost.com\/login.aspx?authtype=ip,uid&amp;profile=ehost&amp;defaultdb=aft\" target=\"_blank\" rel=\"noreferrer noopener\">Art Full Text<\/a> &#8211; Bibliographic data, journal article search, full text. This database covers the fine and decorative arts, as well as photography, cinema and architecture. <\/li><\/ul>\n\n<p><strong>In open access :<\/strong><\/p>\n\n<ul class=\"wp-block-list\"><li><a rel=\"noreferrer noopener\" href=\"http:\/\/calindex.eu\/index.php\" target=\"_blank\">Calindex.eu<\/a><br\/>A valuable index of articles published in film magazines such as Positif, 1895, Cin\u00e9ma, Ecran, Cin\u00e9math\u00e8que, L&#8217;Avant-Sc\u00e8ne, L&#8217;\u00e9cran fran\u00e7ais, Image et Son &#8211; La Revue du Cin\u00e9ma, Travelling, Midi minuit fantastique, Les cahiers de la Cin\u00e9math\u00e8que, etc. Issue summaries <\/li><li><a rel=\"noreferrer noopener\" href=\"http:\/\/cineressources.bifi.fr\/recherche_t.php\" target=\"_blank\">Cin\u00e9-Ressources<\/a> &#8211; Collective catalog of French film libraries and archives, including books, reviews, press kits, etc. In particular, search for articles published in Les cahiers du cin\u00e9ma, Les cahiers de la Cin\u00e9math\u00e8que, Cin\u00e9ma, Cin\u00e9math\u00e8que, Etudes cin\u00e9matographiques, Synopsis, etc. <\/li><li><a rel=\"noreferrer noopener\" href=\"http:\/\/www.imdb.com\/\" target=\"_blank\">IMDb Internet Movie Database<\/a> &#8211; The world&#8217;s largest free movie database. Filmographic and biographical information. Detailed technical data  <\/li><li><a rel=\"noreferrer noopener\" href=\"https:\/\/archive.org\/\" target=\"_blank\">Internet Archive<\/a> &#8211; Non-profit organization dedicated to Web archiving. Huge digital library providing all types of content <\/li><li><strong><a href=\"https:\/\/www2.unil.ch\/cinememoire\/\" target=\"_blank\" rel=\"noreferrer noopener\">Cin\u00e9m\u00e9moire<\/a> <\/strong>&#8211; An oral history of Swiss cinema (UNIL) &#8211; Production in French-speaking Switzerland during the \u201cnew cinema\u201d (60s-70s), television and networks. 21 filmed interviews (with transcriptions) <\/li><li><strong><a href=\"https:\/\/www.metacritic.com\/\">Metacritic <\/a><\/strong>&#8211; Reviews of films, TV series, music and video games. Also includes reviews of American newspapers <\/li><li><a href=\"http:\/\/www.mrqe.com\/\">Movie Review Query Engine<\/a> &#8211; Access to hundreds of thousands of movie reviews<\/li><li><a href=\"https:\/\/www.swissfilms.ch\/fr-about-swiss-films-annual-report\/\" target=\"_blank\" rel=\"noreferrer noopener\">SWISS FILMS<\/a> &#8211; Access to annual catalogs since 2008<\/li><li><a rel=\"noreferrer noopener\" href=\"https:\/\/imsdb.com\/\" target=\"_blank\">Internet Movie Script Database<\/a> &#8211; American movie scripts online<\/li><li><a rel=\"noreferrer noopener\" href=\"http:\/\/www.script-o-rama.com\/snazzy\/dircut.html\" target=\"_blank\">Drew&#8217;s Script-O-Rama<\/a> &#8211; Scripts (US film and TV)<\/li><li><a href=\"https:\/\/openresearch-repository.anu.edu.au\/handle\/1885\/116793\" target=\"_blank\" rel=\"noreferrer noopener\">MPPDA Digital Archive<\/a> &#8211; Correspondence and documents from the <em>Motion Picture Producers and Distributors of America, Inc. <\/em> from 1922 to 1939<\/li><li><a rel=\"noreferrer noopener\" href=\"http:\/\/www.citwf.com\" target=\"_blank\">The<\/a><a rel=\"noreferrer noopener\" href=\"https:\/\/www.citwf.com\/Index.aspx\" target=\"_blank\"> Complete Index to World Film<\/a> (CITWF) &#8211; Database of films released since 2000<\/li><li><a rel=\"noreferrer noopener\" href=\"http:\/\/www.mediasalles.it\/econline.htm#fra\" target=\"_blank\">Cinema d&#8217;Europa \/ Media Salles<\/a> &#8211; Database dedicated to European cinema. Six catalogs: Films, Production, Distribution, International Sales, Theaters and Exhibitors. <\/li><li><a rel=\"noreferrer noopener\" href=\"http:\/\/www.boxofficestory.com\/\" target=\"_blank\">Box Office Story<\/a> &#8211; Annual French box office and weekly Paris box office from 1945 to the present day<\/li><li><a rel=\"noreferrer noopener\" href=\"http:\/\/www.filmportal.de\/\" target=\"_blank\">Filmportal.de<\/a> &#8211; German film platform<\/li><li><a rel=\"noreferrer noopener\" href=\"http:\/\/collections.cinematheque.qc.ca\/\" target=\"_blank\">R\u00e9pertoire audiovisuel Qu\u00e9bec<\/a> &#8211; Film and television<\/li><li><a rel=\"noreferrer noopener\" href=\"http:\/\/lumiere.obs.coe.int\/web\/search\/\" target=\"_blank\">LUMIERE<\/a> &#8211; Entrance figures for films distributed in Europe since 1996<\/li><li><a rel=\"noreferrer noopener\" href=\"http:\/\/www.bcdb.com\/\" target=\"_blank\">The Big Cartoon Database<\/a> &#8211; International cartoon database<\/li><li><a rel=\"noreferrer noopener\" href=\"http:\/\/www.asiandb.com\/store\/kmovie.php\" target=\"_blank\">ASIANDB<\/a> &#8211; Asian cinema database<\/li><li><a rel=\"noreferrer noopener\" href=\"http:\/\/www.hkmdb.com\/db\/index.php\" target=\"_blank\">HKMDB<\/a> &#8211; Hong Kong cinema database<\/li><\/ul>\n","protected":false},"excerpt":{"rendered":"<p>Under license : Screen Studies Collection \/ 3 specialized databases : AFI Catalog \/ American Film Institute Catalog &#8211; Filmographic and bibliographic data FIAF International Index to Films Periodicals &#8211; Bibliographic data, journal article search, full-text access to some 60 journals Film Index International &#8211; Filmographic, biographical and bibliographical data Oxford Bibliographies &#8211; Encyclopaedic guide [&hellip;]<\/p>\n","protected":false},"author":120,"featured_media":0,"parent":0,"menu_order":0,"comment_status":"closed","ping_status":"closed","template":"","meta":{"_acf_changed":false,"_oasis_is_in_workflow":0,"_oasis_original":0,"_oasis_task_priority":"","footnotes":""},"coauthors":[1316],"class_list":["post-13681","page","type-page","status-publish","hentry"],"acf":[],"yoast_head":"<!-- This site is optimized with the Yoast SEO plugin v27.5 - https:\/\/yoast.com\/product\/yoast-seo-wordpress\/ -->\n<title>Cinema databases - BCUL<\/title>\n<meta name=\"robots\" content=\"index, follow, max-snippet:-1, max-image-preview:large, max-video-preview:-1\" \/>\n<link rel=\"canonical\" href=\"https:\/\/www.bcu-lausanne.ch\/en\/bases-de-donneescinema\/\" \/>\n<meta property=\"og:locale\" content=\"en_US\" \/>\n<meta property=\"og:type\" content=\"article\" \/>\n<meta property=\"og:title\" content=\"Cinema databases - BCUL\" \/>\n<meta property=\"og:description\" content=\"Under license : Screen Studies Collection \/ 3 specialized databases : AFI Catalog \/ American Film Institute Catalog &#8211; Filmographic and bibliographic data FIAF International Index to Films Periodicals &#8211; Bibliographic data, journal article search, full-text access to some 60 journals Film Index International &#8211; Filmographic, biographical and bibliographical data Oxford Bibliographies &#8211; Encyclopaedic guide [&hellip;]\" \/>\n<meta property=\"og:url\" content=\"https:\/\/www.bcu-lausanne.ch\/en\/bases-de-donneescinema\/\" \/>\n<meta property=\"og:site_name\" content=\"BCUL\" \/>\n<meta property=\"article:publisher\" content=\"https:\/\/www.facebook.com\/BCULausanne\" \/>\n<meta property=\"article:modified_time\" content=\"2025-06-19T09:13:13+00:00\" \/>\n<meta name=\"twitter:card\" content=\"summary_large_image\" \/>\n<meta name=\"twitter:site\" content=\"@BCULausanne\" \/>\n<meta name=\"twitter:label1\" content=\"Est. reading time\" \/>\n\t<meta name=\"twitter:data1\" content=\"2 minutes\" \/>\n\t<meta name=\"twitter:label2\" content=\"Written by\" \/>\n\t<meta name=\"twitter:data2\" content=\"Felicien Lovis\" \/>\n<script type=\"application\/ld+json\" class=\"yoast-schema-graph\">{\"@context\":\"https:\\\/\\\/schema.org\",\"@graph\":[{\"@type\":\"WebPage\",\"@id\":\"https:\\\/\\\/www.bcu-lausanne.ch\\\/en\\\/bases-de-donneescinema\\\/\",\"url\":\"https:\\\/\\\/www.bcu-lausanne.ch\\\/en\\\/bases-de-donneescinema\\\/\",\"name\":\"Cinema databases - BCUL\",\"isPartOf\":{\"@id\":\"https:\\\/\\\/www.bcu-lausanne.ch\\\/#website\"},\"datePublished\":\"2020-04-20T12:45:45+00:00\",\"dateModified\":\"2025-06-19T09:13:13+00:00\",\"breadcrumb\":{\"@id\":\"https:\\\/\\\/www.bcu-lausanne.ch\\\/en\\\/bases-de-donneescinema\\\/#breadcrumb\"},\"inLanguage\":\"en-US\",\"potentialAction\":[{\"@type\":\"ReadAction\",\"target\":[\"https:\\\/\\\/www.bcu-lausanne.ch\\\/en\\\/bases-de-donneescinema\\\/\"]}]},{\"@type\":\"BreadcrumbList\",\"@id\":\"https:\\\/\\\/www.bcu-lausanne.ch\\\/en\\\/bases-de-donneescinema\\\/#breadcrumb\",\"itemListElement\":[{\"@type\":\"ListItem\",\"position\":1,\"name\":\"Accueil\",\"item\":\"https:\\\/\\\/www.bcu-lausanne.ch\\\/en\\\/\"},{\"@type\":\"ListItem\",\"position\":2,\"name\":\"Cinema databases\"}]},{\"@type\":\"WebSite\",\"@id\":\"https:\\\/\\\/www.bcu-lausanne.ch\\\/#website\",\"url\":\"https:\\\/\\\/www.bcu-lausanne.ch\\\/\",\"name\":\"BCUL\",\"description\":\"Biblioth\u00e8que cantonale et universitaire - Lausanne\",\"publisher\":{\"@id\":\"https:\\\/\\\/www.bcu-lausanne.ch\\\/#organization\"},\"potentialAction\":[{\"@type\":\"SearchAction\",\"target\":{\"@type\":\"EntryPoint\",\"urlTemplate\":\"https:\\\/\\\/www.bcu-lausanne.ch\\\/?s={search_term_string}\"},\"query-input\":{\"@type\":\"PropertyValueSpecification\",\"valueRequired\":true,\"valueName\":\"search_term_string\"}}],\"inLanguage\":\"en-US\"},{\"@type\":\"Organization\",\"@id\":\"https:\\\/\\\/www.bcu-lausanne.ch\\\/#organization\",\"name\":\"BCU Lausanne\",\"url\":\"https:\\\/\\\/www.bcu-lausanne.ch\\\/\",\"logo\":{\"@type\":\"ImageObject\",\"inLanguage\":\"en-US\",\"@id\":\"https:\\\/\\\/www.bcu-lausanne.ch\\\/#\\\/schema\\\/logo\\\/image\\\/\",\"url\":\"https:\\\/\\\/www.bcu-lausanne.ch\\\/wp-content\\\/uploads\\\/2020\\\/05\\\/bcul-logo-rvb.png\",\"contentUrl\":\"https:\\\/\\\/www.bcu-lausanne.ch\\\/wp-content\\\/uploads\\\/2020\\\/05\\\/bcul-logo-rvb.png\",\"width\":1535,\"height\":1181,\"caption\":\"BCU Lausanne\"},\"image\":{\"@id\":\"https:\\\/\\\/www.bcu-lausanne.ch\\\/#\\\/schema\\\/logo\\\/image\\\/\"},\"sameAs\":[\"https:\\\/\\\/www.facebook.com\\\/BCULausanne\",\"https:\\\/\\\/x.com\\\/BCULausanne\",\"https:\\\/\\\/www.instagram.com\\\/bculausanne\\\/\",\"https:\\\/\\\/www.linkedin.com\\\/company\\\/bcu-lausanne\\\/\",\"https:\\\/\\\/www.youtube.com\\\/channel\\\/UCdk4ItiYuWBJBz6yZnOPaEw\"]}]}<\/script>\n<!-- \/ Yoast SEO plugin. -->","yoast_head_json":{"title":"Cinema databases - BCUL","robots":{"index":"index","follow":"follow","max-snippet":"max-snippet:-1","max-image-preview":"max-image-preview:large","max-video-preview":"max-video-preview:-1"},"canonical":"https:\/\/www.bcu-lausanne.ch\/en\/bases-de-donneescinema\/","og_locale":"en_US","og_type":"article","og_title":"Cinema databases - BCUL","og_description":"Under license : Screen Studies Collection \/ 3 specialized databases : AFI Catalog \/ American Film Institute Catalog &#8211; Filmographic and bibliographic data FIAF International Index to Films Periodicals &#8211; Bibliographic data, journal article search, full-text access to some 60 journals Film Index International &#8211; Filmographic, biographical and bibliographical data Oxford Bibliographies &#8211; Encyclopaedic guide [&hellip;]","og_url":"https:\/\/www.bcu-lausanne.ch\/en\/bases-de-donneescinema\/","og_site_name":"BCUL","article_publisher":"https:\/\/www.facebook.com\/BCULausanne","article_modified_time":"2025-06-19T09:13:13+00:00","twitter_card":"summary_large_image","twitter_site":"@BCULausanne","twitter_misc":{"Est. reading time":"2 minutes","Written by":"Felicien Lovis"},"schema":{"@context":"https:\/\/schema.org","@graph":[{"@type":"WebPage","@id":"https:\/\/www.bcu-lausanne.ch\/en\/bases-de-donneescinema\/","url":"https:\/\/www.bcu-lausanne.ch\/en\/bases-de-donneescinema\/","name":"Cinema databases - BCUL","isPartOf":{"@id":"https:\/\/www.bcu-lausanne.ch\/#website"},"datePublished":"2020-04-20T12:45:45+00:00","dateModified":"2025-06-19T09:13:13+00:00","breadcrumb":{"@id":"https:\/\/www.bcu-lausanne.ch\/en\/bases-de-donneescinema\/#breadcrumb"},"inLanguage":"en-US","potentialAction":[{"@type":"ReadAction","target":["https:\/\/www.bcu-lausanne.ch\/en\/bases-de-donneescinema\/"]}]},{"@type":"BreadcrumbList","@id":"https:\/\/www.bcu-lausanne.ch\/en\/bases-de-donneescinema\/#breadcrumb","itemListElement":[{"@type":"ListItem","position":1,"name":"Accueil","item":"https:\/\/www.bcu-lausanne.ch\/en\/"},{"@type":"ListItem","position":2,"name":"Cinema databases"}]},{"@type":"WebSite","@id":"https:\/\/www.bcu-lausanne.ch\/#website","url":"https:\/\/www.bcu-lausanne.ch\/","name":"BCUL","description":"Biblioth\u00e8que cantonale et universitaire - Lausanne","publisher":{"@id":"https:\/\/www.bcu-lausanne.ch\/#organization"},"potentialAction":[{"@type":"SearchAction","target":{"@type":"EntryPoint","urlTemplate":"https:\/\/www.bcu-lausanne.ch\/?s={search_term_string}"},"query-input":{"@type":"PropertyValueSpecification","valueRequired":true,"valueName":"search_term_string"}}],"inLanguage":"en-US"},{"@type":"Organization","@id":"https:\/\/www.bcu-lausanne.ch\/#organization","name":"BCU Lausanne","url":"https:\/\/www.bcu-lausanne.ch\/","logo":{"@type":"ImageObject","inLanguage":"en-US","@id":"https:\/\/www.bcu-lausanne.ch\/#\/schema\/logo\/image\/","url":"https:\/\/www.bcu-lausanne.ch\/wp-content\/uploads\/2020\/05\/bcul-logo-rvb.png","contentUrl":"https:\/\/www.bcu-lausanne.ch\/wp-content\/uploads\/2020\/05\/bcul-logo-rvb.png","width":1535,"height":1181,"caption":"BCU Lausanne"},"image":{"@id":"https:\/\/www.bcu-lausanne.ch\/#\/schema\/logo\/image\/"},"sameAs":["https:\/\/www.facebook.com\/BCULausanne","https:\/\/x.com\/BCULausanne","https:\/\/www.instagram.com\/bculausanne\/","https:\/\/www.linkedin.com\/company\/bcu-lausanne\/","https:\/\/www.youtube.com\/channel\/UCdk4ItiYuWBJBz6yZnOPaEw"]}]}},"_links":{"self":[{"href":"https:\/\/www.bcu-lausanne.ch\/en\/wp-json\/wp\/v2\/pages\/13681","targetHints":{"allow":["GET"]}}],"collection":[{"href":"https:\/\/www.bcu-lausanne.ch\/en\/wp-json\/wp\/v2\/pages"}],"about":[{"href":"https:\/\/www.bcu-lausanne.ch\/en\/wp-json\/wp\/v2\/types\/page"}],"author":[{"embeddable":true,"href":"https:\/\/www.bcu-lausanne.ch\/en\/wp-json\/wp\/v2\/users\/120"}],"replies":[{"embeddable":true,"href":"https:\/\/www.bcu-lausanne.ch\/en\/wp-json\/wp\/v2\/comments?post=13681"}],"version-history":[{"count":10,"href":"https:\/\/www.bcu-lausanne.ch\/en\/wp-json\/wp\/v2\/pages\/13681\/revisions"}],"predecessor-version":[{"id":40207,"href":"https:\/\/www.bcu-lausanne.ch\/en\/wp-json\/wp\/v2\/pages\/13681\/revisions\/40207"}],"wp:attachment":[{"href":"https:\/\/www.bcu-lausanne.ch\/en\/wp-json\/wp\/v2\/media?parent=13681"}],"wp:term":[{"taxonomy":"author","embeddable":true,"href":"https:\/\/www.bcu-lausanne.ch\/en\/wp-json\/wp\/v2\/coauthors?post=13681"}],"curies":[{"name":"wp","href":"https:\/\/api.w.org\/{rel}","templated":true}]}}